{"id":1582,"date":"2025-10-24T23:33:38","date_gmt":"2025-10-24T23:33:38","guid":{"rendered":"https:\/\/ciptnusuk.com\/?page_id=1582"},"modified":"2025-11-11T19:51:39","modified_gmt":"2025-11-11T19:51:39","slug":"politica-de-cookies","status":"publish","type":"page","link":"https:\/\/ciptnusuk.com\/es\/politica-de-cookies\/","title":{"rendered":"Pol\u00edtica de cookies"},"content":{"rendered":"\t\t<div data-elementor-type=\"wp-page\" data-elementor-id=\"1582\" class=\"elementor elementor-1582\" data-elementor-post-type=\"page\">\n\t\t\t\t<div class=\"elementor-element elementor-element-b7e21fb e-flex e-con-boxed e-con e-parent\" data-id=\"b7e21fb\" data-element_type=\"container\" data-e-type=\"container\">\n\t\t\t\t\t<div class=\"e-con-inner\">\n\t\t\t\t<div class=\"elementor-element elementor-element-c0bce5f elementor-widget elementor-widget-heading\" data-id=\"c0bce5f\" data-element_type=\"widget\" data-e-type=\"widget\" data-widget_type=\"heading.default\">\n\t\t\t\t\t<h2 class=\"elementor-heading-title elementor-size-default\">Pol\u00edtic de Cookies<\/h2>\t\t\t\t<\/div>\n\t\t\t\t\t<\/div>\n\t\t\t\t<\/div>\n\t\t<div class=\"elementor-element elementor-element-815b81c e-flex e-con-boxed e-con e-parent\" data-id=\"815b81c\" data-element_type=\"container\" data-e-type=\"container\">\n\t\t\t\t\t<div class=\"e-con-inner\">\n\t\t\t\t<div class=\"elementor-element elementor-element-54abde99 elementor-widget elementor-widget-text-editor\" data-id=\"54abde99\" data-element_type=\"widget\" data-e-type=\"widget\" data-widget_type=\"text-editor.default\">\n\t\t\t\t\t\t\t\t\t<h3 data-start=\"335\" data-end=\"373\">&nbsp;<\/h3>\n<p data-start=\"375\" data-end=\"671\"><b>1. \u00bfQue son los cookies?<\/b><\/p>\n<p data-start=\"375\" data-end=\"671\">Las cookies son peque\u00f1os archivos de texto que los sitios web instalan en tu dispositivo (ordenador, m\u00f3vil o tablet) cuando los visitas. Sirven para recordar tus preferencias de navegaci\u00f3n, mejorar la experiencia del usuario y obtener estad\u00edsticas de uso del sitio.<\/p>\n<p data-start=\"673\" data-end=\"856\"><strong data-start=\"673\" data-end=\"725\">2. Tipos de cookies utilizadas en este sitio web<\/strong><br data-start=\"725\" data-end=\"728\">En ciptnusuk.com utilizamos cookies propias y de terceros para diversos fines. A continuaci\u00f3n se detallan los tipos principales:<\/p>\n<ul data-start=\"858\" data-end=\"1458\">\n<li data-start=\"858\" data-end=\"1027\">\n<p data-start=\"860\" data-end=\"1027\"><strong data-start=\"860\" data-end=\"883\">Cookies necesarias:<\/strong> Permiten la navegaci\u00f3n b\u00e1sica y el funcionamiento correcto del sitio (por ejemplo, acceder a zonas seguras o guardar preferencias de sesi\u00f3n).<\/p>\n<\/li>\n<li data-start=\"1028\" data-end=\"1208\">\n<p data-start=\"1030\" data-end=\"1208\"><strong data-start=\"1030\" data-end=\"1057\">Cookies de rendimiento:<\/strong> Recogen informaci\u00f3n sobre el uso del sitio web (por ejemplo, las p\u00e1ginas visitadas o los errores que puedan ocurrir) para mejorar su funcionamiento.<\/p>\n<\/li>\n<li data-start=\"1209\" data-end=\"1356\">\n<p data-start=\"1211\" data-end=\"1356\"><strong data-start=\"1211\" data-end=\"1240\">Cookies de funcionalidad:<\/strong> Permiten recordar tus preferencias (como el idioma o la regi\u00f3n) para ofrecerte una experiencia m\u00e1s personalizada.<\/p>\n<\/li>\n<li data-start=\"1357\" data-end=\"1458\">\n<p data-start=\"1359\" data-end=\"1458\"><strong data-start=\"1359\" data-end=\"1385\">Cookies de publicidad:<\/strong> Se utilizan para mostrar anuncios relevantes basados en tus intereses.<\/p>\n<\/li>\n<\/ul>\n<p data-start=\"1460\" data-end=\"1634\"><strong data-start=\"1460\" data-end=\"1491\">3. Finalidad de las cookies<\/strong><br data-start=\"1491\" data-end=\"1494\">Las cookies permiten mejorar el funcionamiento del sitio, facilitar la navegaci\u00f3n y ofrecerte contenidos personalizados seg\u00fan tus intereses.<\/p>\n<p data-start=\"1636\" data-end=\"1928\"><strong data-start=\"1636\" data-end=\"1681\">4. Desactivaci\u00f3n o eliminaci\u00f3n de cookies<\/strong><br data-start=\"1681\" data-end=\"1684\">Puedes permitir, bloquear o eliminar las cookies instaladas en tu dispositivo mediante la configuraci\u00f3n de las opciones del navegador que utilices. Ten en cuenta que desactivar las cookies puede afectar el correcto funcionamiento del sitio web.<\/p>\n<p data-start=\"1930\" data-end=\"2213\"><strong data-start=\"1930\" data-end=\"1976\">5. Actualizaci\u00f3n de la pol\u00edtica de cookies<\/strong><br data-start=\"1976\" data-end=\"1979\">Esta pol\u00edtica puede actualizarse en cualquier momento para reflejar cambios en las cookies utilizadas o en la normativa aplicable. Te recomendamos revisarla peri\u00f3dicamente para estar informado sobre c\u00f3mo y para qu\u00e9 usamos las cookies.<\/p>\t\t\t\t\t\t\t\t<\/div>\n\t\t\t\t\t<\/div>\n\t\t\t\t<\/div>\n\t\t\t\t<\/div>\n\t\t","protected":false},"excerpt":{"rendered":"<p>Pol\u00edtic de Cookies &nbsp; 1. \u00bfQue son los cookies? Las cookies son peque\u00f1os archivos de texto que los sitios web instalan en tu dispositivo (ordenador, m\u00f3vil o tablet) cuando los visitas. Sirven para recordar tus preferencias de navegaci\u00f3n, mejorar la experiencia del usuario y obtener estad\u00edsticas de uso del sitio. 2. Tipos de cookies utilizadas [&hellip;]<\/p>\n","protected":false},"author":1,"featured_media":0,"parent":0,"menu_order":0,"comment_status":"closed","ping_status":"closed","template":"elementor_header_footer","meta":{"footnotes":""},"class_list":["post-1582","page","type-page","status-publish","hentry"],"_links":{"self":[{"href":"https:\/\/ciptnusuk.com\/es\/wp-json\/wp\/v2\/pages\/1582","targetHints":{"allow":["GET"]}}],"collection":[{"href":"https:\/\/ciptnusuk.com\/es\/wp-json\/wp\/v2\/pages"}],"about":[{"href":"https:\/\/ciptnusuk.com\/es\/wp-json\/wp\/v2\/types\/page"}],"author":[{"embeddable":true,"href":"https:\/\/ciptnusuk.com\/es\/wp-json\/wp\/v2\/users\/1"}],"replies":[{"embeddable":true,"href":"https:\/\/ciptnusuk.com\/es\/wp-json\/wp\/v2\/comments?post=1582"}],"version-history":[{"count":14,"href":"https:\/\/ciptnusuk.com\/es\/wp-json\/wp\/v2\/pages\/1582\/revisions"}],"predecessor-version":[{"id":3322,"href":"https:\/\/ciptnusuk.com\/es\/wp-json\/wp\/v2\/pages\/1582\/revisions\/3322"}],"wp:attachment":[{"href":"https:\/\/ciptnusuk.com\/es\/wp-json\/wp\/v2\/media?parent=1582"}],"curies":[{"name":"wp","href":"https:\/\/api.w.org\/{rel}","templated":true}]}}