{"id":1551,"date":"2025-10-24T01:22:19","date_gmt":"2025-10-24T01:22:19","guid":{"rendered":"https:\/\/ciptnusuk.com\/?page_id=1551"},"modified":"2026-01-09T08:43:13","modified_gmt":"2026-01-09T08:43:13","slug":"aviso-legal","status":"publish","type":"page","link":"https:\/\/ciptnusuk.com\/es\/aviso-legal\/","title":{"rendered":"Aviso legal"},"content":{"rendered":"\t\t<div data-elementor-type=\"wp-page\" data-elementor-id=\"1551\" class=\"elementor elementor-1551\" data-elementor-post-type=\"page\">\n\t\t\t\t<div class=\"elementor-element elementor-element-ea0b2f5 e-flex e-con-boxed e-con e-parent\" data-id=\"ea0b2f5\" data-element_type=\"container\" data-e-type=\"container\">\n\t\t\t\t\t<div class=\"e-con-inner\">\n\t\t\t\t<div class=\"elementor-element elementor-element-4d1a809 elementor-widget elementor-widget-heading\" data-id=\"4d1a809\" data-element_type=\"widget\" data-e-type=\"widget\" data-widget_type=\"heading.default\">\n\t\t\t\t\t<h2 class=\"elementor-heading-title elementor-size-default\">Aviso legal<\/h2>\t\t\t\t<\/div>\n\t\t\t\t\t<\/div>\n\t\t\t\t<\/div>\n\t\t<div class=\"elementor-element elementor-element-6f74ac0f e-flex e-con-boxed e-con e-parent\" data-id=\"6f74ac0f\" data-element_type=\"container\" data-e-type=\"container\">\n\t\t\t\t\t<div class=\"e-con-inner\">\n\t\t\t\t<div class=\"elementor-element elementor-element-1b447b7a elementor-widget elementor-widget-text-editor\" data-id=\"1b447b7a\" data-element_type=\"widget\" data-e-type=\"widget\" data-widget_type=\"text-editor.default\">\n\t\t\t\t\t\t\t\t\t<p><\/p>\n<p>1. Identificaci\u00f3n del responsable<\/p>\n<p>En cumplimiento de lo dispuesto en la Ley 34\/2002, de Servicios de la Sociedad de la Informaci\u00f3n y Comercio Electr\u00f3nico (LSSI-CE), se informa de los datos del responsable del sitio web:<\/p>\n<p>Titular: CIPTNUSUK SL.<\/p>\n<p>NIF: I26001525<\/p>\n<p>Correo electr\u00f3nico: info@ciptnusuk.com<\/p>\n<p>Dominio web: https:\/\/ciptnusuk.com<\/p>\n<p>2. Objeto del sitio web<\/p>\n<p>El presente Aviso Legal regula el uso del sitio web ciptnusuk.com, titularidad de CIPTNUSUK SL, cuyo prop\u00f3sito es ofrecer informaci\u00f3n y servicios relacionados con la organizaci\u00f3n de viajes Umrah y Hajj, asesoramiento y reservas personalizadas.<\/p>\n<p>El acceso y uso del sitio web implican la aceptaci\u00f3n plena de las condiciones de este Aviso Legal, as\u00ed como de la Pol\u00edtica de Privacidad y la Pol\u00edtica de Cookies.<\/p>\n<p>3. Condiciones de uso<\/p>\n<p>El acceso al sitio web es libre y gratuito para los usuarios.<br>El usuario se compromete a utilizar el sitio de manera l\u00edcita y conforme a la legislaci\u00f3n vigente, la buena fe y el orden p\u00fablico.<\/p>\n<p>Queda prohibido:<\/p>\n<p>El uso del sitio con fines il\u00edcitos o fraudulentos.<\/p>\n<p>Causar da\u00f1os o impedir el funcionamiento normal del sitio.<\/p>\n<p>Reproducir o copiar contenidos sin autorizaci\u00f3n expresa del titular.<\/p>\n<p>CIPTNUSUK se reserva el derecho de denegar o retirar el acceso al sitio a cualquier usuario que incumpla las condiciones establecidas.<\/p>\n<p>4. Propiedad intelectual e industrial<\/p>\n<p>Todos los contenidos de este sitio (textos, im\u00e1genes, logotipos, iconos, v\u00eddeos, software, dise\u00f1o gr\u00e1fico, c\u00f3digo fuente, etc.) son propiedad de CIPTNUSUK SL. o de sus respectivos titulares, y est\u00e1n protegidos por las leyes espa\u00f1olas e internacionales sobre propiedad intelectual e industrial.<\/p>\n<p>Queda prohibida su reproducci\u00f3n, distribuci\u00f3n o modificaci\u00f3n sin autorizaci\u00f3n expresa por escrito.<\/p>\n<p>5. Responsabilidad<\/p>\n<p>El titular no garantiza la ausencia de errores en los contenidos ni la continuidad del servicio.<br>CIPTNUSUK no ser\u00e1 responsable de los da\u00f1os o perjuicios derivados del uso de la informaci\u00f3n contenida en este sitio ni de los enlaces externos incluidos.<\/p>\n<p>El usuario asume bajo su propia responsabilidad el uso del sitio web y de la informaci\u00f3n ofrecida.<\/p>\n<p>6. Enlaces externos<\/p>\n<p>Este sitio puede incluir enlaces a otras p\u00e1ginas web de terceros.<br>CIPTNUSUK no se hace responsable del contenido, pol\u00edticas o pr\u00e1cticas de dichos sitios externos.<\/p>\n<p>7. Protecci\u00f3n de datos personales<\/p>\n<p>Los datos personales facilitados por los usuarios ser\u00e1n tratados conforme a la Pol\u00edtica de Privacidad, disponible en este mismo sitio web, y de acuerdo con el Reglamento General de Protecci\u00f3n de Datos (RGPD) y la Ley Org\u00e1nica 3\/2018 (LOPDGDD).<\/p>\n<p>8. Pol\u00edtica de cookies<\/p>\n<p>El sitio utiliza cookies para mejorar la experiencia del usuario.<br>Puedes consultar el uso de cookies en la p\u00e1gina Pol\u00edtica de Cookies.<\/p>\n<p>9. Legislaci\u00f3n aplicable y jurisdicci\u00f3n<\/p>\n<p>El presente Aviso Legal se rige por la legislaci\u00f3n espa\u00f1ola.<br>Cualquier controversia que pudiera derivarse del acceso o uso de este sitio web ser\u00e1 sometida a los Juzgados y Tribunales de la ciudad correspondiente al domicilio del titular.<\/p>\t\t\t\t\t\t\t\t<\/div>\n\t\t\t\t\t<\/div>\n\t\t\t\t<\/div>\n\t\t\t\t<\/div>\n\t\t","protected":false},"excerpt":{"rendered":"<p>Aviso legal 1. Identificaci\u00f3n del responsable En cumplimiento de lo dispuesto en la Ley 34\/2002, de Servicios de la Sociedad de la Informaci\u00f3n y Comercio Electr\u00f3nico (LSSI-CE), se informa de los datos del responsable del sitio web: Titular: CIPTNUSUK SL. NIF: I26001525 Correo electr\u00f3nico: info@ciptnusuk.com Dominio web: https:\/\/ciptnusuk.com 2. Objeto del sitio web El presente [&hellip;]<\/p>\n","protected":false},"author":1,"featured_media":0,"parent":0,"menu_order":0,"comment_status":"closed","ping_status":"closed","template":"elementor_header_footer","meta":{"footnotes":""},"class_list":["post-1551","page","type-page","status-publish","hentry"],"_links":{"self":[{"href":"https:\/\/ciptnusuk.com\/es\/wp-json\/wp\/v2\/pages\/1551","targetHints":{"allow":["GET"]}}],"collection":[{"href":"https:\/\/ciptnusuk.com\/es\/wp-json\/wp\/v2\/pages"}],"about":[{"href":"https:\/\/ciptnusuk.com\/es\/wp-json\/wp\/v2\/types\/page"}],"author":[{"embeddable":true,"href":"https:\/\/ciptnusuk.com\/es\/wp-json\/wp\/v2\/users\/1"}],"replies":[{"embeddable":true,"href":"https:\/\/ciptnusuk.com\/es\/wp-json\/wp\/v2\/comments?post=1551"}],"version-history":[{"count":34,"href":"https:\/\/ciptnusuk.com\/es\/wp-json\/wp\/v2\/pages\/1551\/revisions"}],"predecessor-version":[{"id":4531,"href":"https:\/\/ciptnusuk.com\/es\/wp-json\/wp\/v2\/pages\/1551\/revisions\/4531"}],"wp:attachment":[{"href":"https:\/\/ciptnusuk.com\/es\/wp-json\/wp\/v2\/media?parent=1551"}],"curies":[{"name":"wp","href":"https:\/\/api.w.org\/{rel}","templated":true}]}}