{"id":1549,"date":"2025-10-24T01:21:32","date_gmt":"2025-10-24T01:21:32","guid":{"rendered":"https:\/\/ciptnusuk.com\/?page_id=1549"},"modified":"2026-01-17T20:22:18","modified_gmt":"2026-01-17T20:22:18","slug":"politica-de-privacidad","status":"publish","type":"page","link":"https:\/\/ciptnusuk.com\/es\/politica-de-privacidad\/","title":{"rendered":"Polit\u00edca de privacidad"},"content":{"rendered":"\t\t<div data-elementor-type=\"wp-page\" data-elementor-id=\"1549\" class=\"elementor elementor-1549\" data-elementor-post-type=\"page\">\n\t\t\t\t<div class=\"elementor-element elementor-element-f2d0b79 e-flex e-con-boxed e-con e-parent\" data-id=\"f2d0b79\" data-element_type=\"container\" data-e-type=\"container\">\n\t\t\t\t\t<div class=\"e-con-inner\">\n\t\t\t\t<div class=\"elementor-element elementor-element-6179945 elementor-widget elementor-widget-heading\" data-id=\"6179945\" data-element_type=\"widget\" data-e-type=\"widget\" data-widget_type=\"heading.default\">\n\t\t\t\t\t<h2 class=\"elementor-heading-title elementor-size-default\">Pol\u00edtica de privacidad<\/h2>\t\t\t\t<\/div>\n\t\t\t\t\t<\/div>\n\t\t\t\t<\/div>\n\t\t<div class=\"elementor-element elementor-element-2cc7fb2b e-flex e-con-boxed e-con e-parent\" data-id=\"2cc7fb2b\" data-element_type=\"container\" data-e-type=\"container\">\n\t\t\t\t\t<div class=\"e-con-inner\">\n\t\t\t\t<div class=\"elementor-element elementor-element-3299c8c5 elementor-widget elementor-widget-text-editor\" data-id=\"3299c8c5\" data-element_type=\"widget\" data-e-type=\"widget\" data-widget_type=\"text-editor.default\">\n\t\t\t\t\t\t\t\t\t<p data-start=\"686\" data-end=\"796\"><strong>Titular del sitio web: CIPTNUSUK SL.<\/strong><\/p><p data-start=\"686\" data-end=\"796\"><strong>NIF: B25892209 <\/strong><\/p><p data-start=\"686\" data-end=\"796\"><strong>Correo de contacto: <a rel=\"noopener\" data-start=\"741\" data-end=\"759\">info@ciptnusuk.com<\/a><\/strong><br data-start=\"759\" data-end=\"762\" \/><strong>Sitio web: <a href=\"https:\/\/ciptnusuk.com\" target=\"_new\" rel=\"noopener\" data-start=\"773\" data-end=\"794\">https:\/\/ciptnusuk.com<\/a><\/strong><\/p><ol data-start=\"798\" data-end=\"1206\"><li data-start=\"798\" data-end=\"1119\"><p data-start=\"801\" data-end=\"1119\"><strong>Responsable del tratamiento<\/strong><br data-start=\"828\" data-end=\"831\" \/>De acuerdo con el Reglamento (UE) 2016\/679 (RGPD) y la Ley Org\u00e1nica 3\/2018 (LOPDGDD), te informamos que los datos personales que facilites a trav\u00e9s de este sitio web ser\u00e1n tratados por CIPTNUSUK, con el fin de gestionar las solicitudes y servicios relacionados con los viajes ofrecidos.<\/p><\/li><li data-start=\"1121\" data-end=\"1206\"><p data-start=\"1124\" data-end=\"1206\"><strong>Finalidad del tratamiento<\/strong><br data-start=\"1149\" data-end=\"1152\" \/>Los datos se recogen con las siguientes finalidades:<\/p><\/li><\/ol><ul data-start=\"1207\" data-end=\"1520\"><li data-start=\"1207\" data-end=\"1284\"><p data-start=\"1209\" data-end=\"1284\">Gestionar reservas y solicitudes de informaci\u00f3n sobre los paquetes Umrah.<\/p><\/li><li data-start=\"1285\" data-end=\"1367\"><p data-start=\"1287\" data-end=\"1367\">Facilitar la comunicaci\u00f3n con los clientes antes, durante y despu\u00e9s del viaje.<\/p><\/li><li data-start=\"1368\" data-end=\"1427\"><p data-start=\"1370\" data-end=\"1427\">Enviar informaci\u00f3n relevante o documentaci\u00f3n necesaria.<\/p><\/li><li data-start=\"1428\" data-end=\"1520\"><p data-start=\"1430\" data-end=\"1520\">Cumplir con obligaciones legales y administrativas derivadas de la relaci\u00f3n contractual.<\/p><\/li><\/ul><ol start=\"3\" data-start=\"1522\" data-end=\"1608\"><li data-start=\"1522\" data-end=\"1608\"><p data-start=\"1525\" data-end=\"1608\"><strong>Legitimaci\u00f3n del tratamiento<\/strong><br data-start=\"1553\" data-end=\"1556\" \/>La base legal para el tratamiento de tus datos es:<\/p><\/li><\/ol><ul data-start=\"1609\" data-end=\"1915\"><li data-start=\"1609\" data-end=\"1714\"><p data-start=\"1611\" data-end=\"1714\">El consentimiento del interesado, otorgado al enviar formularios o contactar por medios electr\u00f3nicos.<\/p><\/li><li data-start=\"1715\" data-end=\"1825\"><p data-start=\"1717\" data-end=\"1825\">La ejecuci\u00f3n de un contrato o precontrato, cuando se trate de gestionar una reserva o servicio solicitado.<\/p><\/li><li data-start=\"1826\" data-end=\"1915\"><p data-start=\"1828\" data-end=\"1915\">El cumplimiento de obligaciones legales, especialmente en materia fiscal o de viajes.<\/p><\/li><\/ul><ol start=\"4\" data-start=\"1917\" data-end=\"1980\"><li data-start=\"1917\" data-end=\"1980\"><p data-start=\"1920\" data-end=\"1980\"><strong>Datos tratados<\/strong><br data-start=\"1934\" data-end=\"1937\" \/>Los datos que se pueden recoger incluyen:<\/p><\/li><\/ol><ul data-start=\"1981\" data-end=\"2460\"><li data-start=\"1981\" data-end=\"2004\"><p data-start=\"1983\" data-end=\"2004\">Nombre y apellidos.<\/p><\/li><li data-start=\"2005\" data-end=\"2076\"><p data-start=\"2007\" data-end=\"2076\">Documento de identidad o pasaporte (si es necesario para el viaje).<\/p><\/li><li data-start=\"2077\" data-end=\"2129\"><p data-start=\"2079\" data-end=\"2129\">Tel\u00e9fono, correo electr\u00f3nico y direcci\u00f3n postal.<\/p><\/li><li data-start=\"2130\" data-end=\"2204\"><p data-start=\"2132\" data-end=\"2204\">Informaci\u00f3n relacionada con la reserva: fechas, destino, acompa\u00f1antes.<\/p><\/li><li data-start=\"2205\" data-end=\"2460\"><p data-start=\"2207\" data-end=\"2460\">Documentaci\u00f3n adjunta que el usuario facilite (por ejemplo, pasaporte escaneado).<br data-start=\"2288\" data-end=\"2291\" \/>No se tratan datos sensibles salvo los imprescindibles para la gesti\u00f3n de viajes religiosos (por ejemplo, religi\u00f3n o estado civil si lo exige la normativa de visados).<\/p><\/li><\/ul><ol start=\"5\" data-start=\"2462\" data-end=\"2848\"><li data-start=\"2462\" data-end=\"2771\"><p data-start=\"2465\" data-end=\"2771\"><strong>Conservaci\u00f3n de los datos<\/strong><br data-start=\"2490\" data-end=\"2493\" \/>Los datos se conservar\u00e1n durante el tiempo necesario para cumplir la finalidad por la que fueron recogidos y para atender posibles responsabilidades legales derivadas de la prestaci\u00f3n del servicio.<br data-start=\"2690\" data-end=\"2693\" \/>Una vez finalizados esos plazos, los datos ser\u00e1n eliminados de forma segura.<\/p><\/li><li data-start=\"2773\" data-end=\"2848\"><p data-start=\"2776\" data-end=\"2848\"><strong>Comunicaci\u00f3n de datos a terceros<\/strong><br data-start=\"2808\" data-end=\"2811\" \/>Los datos podr\u00e1n ser comunicados a:<\/p><\/li><\/ol><ul data-start=\"2849\" data-end=\"3075\"><li data-start=\"2849\" data-end=\"2956\"><p data-start=\"2851\" data-end=\"2956\">Proveedores de servicios relacionados con el viaje (aerol\u00edneas, hoteles, agencias locales, consulados).<\/p><\/li><li data-start=\"2957\" data-end=\"3075\"><p data-start=\"2959\" data-end=\"3075\">Autoridades competentes en caso de obligaci\u00f3n legal.<br data-start=\"3011\" data-end=\"3014\" \/>En ning\u00fan caso se vender\u00e1n los datos personales a terceros.<\/p><\/li><\/ul><ol start=\"7\" data-start=\"3077\" data-end=\"3243\"><li data-start=\"3077\" data-end=\"3243\"><p data-start=\"3080\" data-end=\"3243\"><strong>Derechos de los usuarios<\/strong><br data-start=\"3104\" data-end=\"3107\" \/>Puedes ejercer tus derechos en cualquier momento enviando una solicitud a <a rel=\"noopener\" data-start=\"3181\" data-end=\"3199\">info@ciptnusuk.com<\/a>, indicando el derecho que deseas ejercer:<\/p><\/li><\/ol><ul data-start=\"3244\" data-end=\"3662\"><li data-start=\"3244\" data-end=\"3289\"><p data-start=\"3246\" data-end=\"3289\">Derecho de acceso a tus datos personales.<\/p><\/li><li data-start=\"3290\" data-end=\"3331\"><p data-start=\"3292\" data-end=\"3331\">Derecho de rectificaci\u00f3n o supresi\u00f3n.<\/p><\/li><li data-start=\"3332\" data-end=\"3385\"><p data-start=\"3334\" data-end=\"3385\">Derecho de limitaci\u00f3n u oposici\u00f3n al tratamiento.<\/p><\/li><li data-start=\"3386\" data-end=\"3427\"><p data-start=\"3388\" data-end=\"3427\">Derecho de portabilidad de tus datos.<\/p><\/li><li data-start=\"3428\" data-end=\"3662\"><p data-start=\"3430\" data-end=\"3662\">Derecho a retirar tu consentimiento en cualquier momento.<br data-start=\"3487\" data-end=\"3490\" \/>Si consideras que el tratamiento no se ajusta a la normativa, puedes presentar una reclamaci\u00f3n ante la Agencia Espa\u00f1ola de Protecci\u00f3n de Datos (AEPD): <a href=\"https:\/\/www.aepd.es\" target=\"_new\" rel=\"noopener\" data-start=\"3641\" data-end=\"3660\">https:\/\/www.aepd.es<\/a><\/p><\/li><\/ul><ol start=\"8\" data-start=\"3664\" data-end=\"3797\"><li data-start=\"3664\" data-end=\"3797\"><p data-start=\"3667\" data-end=\"3797\"><strong>Seguridad de la informaci\u00f3n<\/strong><br data-start=\"3694\" data-end=\"3697\" \/>CIPTNUSUK aplica medidas t\u00e9cnicas y organizativas adecuadas para proteger la informaci\u00f3n personal:<\/p><\/li><\/ol><ul data-start=\"3798\" data-end=\"3930\"><li data-start=\"3798\" data-end=\"3833\"><p data-start=\"3800\" data-end=\"3833\">Conexi\u00f3n segura mediante HTTPS.<\/p><\/li><li data-start=\"3834\" data-end=\"3869\"><p data-start=\"3836\" data-end=\"3869\">Acceso restringido a los datos.<\/p><\/li><li data-start=\"3870\" data-end=\"3930\"><p data-start=\"3872\" data-end=\"3930\">Sistemas de copia de seguridad y cifrado de informaci\u00f3n.<\/p><\/li><\/ul><ol start=\"9\" data-start=\"3932\" data-end=\"4367\"><li data-start=\"3932\" data-end=\"4112\"><p data-start=\"3935\" data-end=\"4112\"><strong>Enlaces a otros sitios web<\/strong><br data-start=\"3961\" data-end=\"3964\" \/>El sitio puede contener enlaces a p\u00e1ginas externas. CIPTNUSUK SL. no se responsabiliza de sus pol\u00edticas de privacidad ni del contenido de esos sitios.<\/p><\/li><li data-start=\"4114\" data-end=\"4367\"><p><strong>Contacto por WhatsApp<\/strong><\/p><p>Cuando el usuario utilice el bot\u00f3n de enviar en el formulario de reserva, ser\u00e1<br \/>redirigido a la plataforma de mensajer\u00eda WhatsApp, perteneciente a<br \/>Meta Platforms. La comunicaci\u00f3n mediante este canal implica el<br \/>tratamiento de datos personales por parte de WhatsApp conforme a sus<br \/>propias condiciones y pol\u00edticas de privacidad, ajenas a esta p\u00e1gina web.<\/p><p>Utilizamos la informaci\u00f3n compartida por el usuario \u00fanicamente para<br \/>gestionar solicitudes, resolver consultas o proporcionar el servicio<br \/>solicitado. No guardamos conversaciones completas ni utilizamos el<br \/>contenido para fines distintos a los mencionados.<\/p><p>Al iniciar una conversaci\u00f3n por WhatsApp, el usuario acepta que sus datos<br \/>sean tratados por esta plataforma bajo sus condiciones de uso.<\/p><\/li><li data-start=\"4114\" data-end=\"4367\"><p data-start=\"4118\" data-end=\"4367\"><strong>Modificaciones de esta pol\u00edtica<\/strong><br data-start=\"4149\" data-end=\"4152\" \/>CIPTNUSUK se reserva el derecho de modificar la presente Pol\u00edtica de Privacidad para adaptarla a cambios normativos o a nuevas pr\u00e1cticas del servicio.<br data-start=\"4302\" data-end=\"4305\" \/>Cualquier actualizaci\u00f3n ser\u00e1 publicada en esta misma p\u00e1gina.<\/p><\/li><\/ol>\t\t\t\t\t\t\t\t<\/div>\n\t\t\t\t\t<\/div>\n\t\t\t\t<\/div>\n\t\t\t\t<\/div>\n\t\t","protected":false},"excerpt":{"rendered":"<p>Pol\u00edtica de privacidad Titular del sitio web: CIPTNUSUK SL. NIF: B25892209 Correo de contacto: info@ciptnusuk.comSitio web: https:\/\/ciptnusuk.com Responsable del tratamientoDe acuerdo con el Reglamento (UE) 2016\/679 (RGPD) y la Ley Org\u00e1nica 3\/2018 (LOPDGDD), te informamos que los datos personales que facilites a trav\u00e9s de este sitio web ser\u00e1n tratados por CIPTNUSUK, con el fin de [&hellip;]<\/p>\n","protected":false},"author":1,"featured_media":0,"parent":0,"menu_order":0,"comment_status":"closed","ping_status":"closed","template":"elementor_header_footer","meta":{"footnotes":""},"class_list":["post-1549","page","type-page","status-publish","hentry"],"_links":{"self":[{"href":"https:\/\/ciptnusuk.com\/es\/wp-json\/wp\/v2\/pages\/1549","targetHints":{"allow":["GET"]}}],"collection":[{"href":"https:\/\/ciptnusuk.com\/es\/wp-json\/wp\/v2\/pages"}],"about":[{"href":"https:\/\/ciptnusuk.com\/es\/wp-json\/wp\/v2\/types\/page"}],"author":[{"embeddable":true,"href":"https:\/\/ciptnusuk.com\/es\/wp-json\/wp\/v2\/users\/1"}],"replies":[{"embeddable":true,"href":"https:\/\/ciptnusuk.com\/es\/wp-json\/wp\/v2\/comments?post=1549"}],"version-history":[{"count":27,"href":"https:\/\/ciptnusuk.com\/es\/wp-json\/wp\/v2\/pages\/1549\/revisions"}],"predecessor-version":[{"id":4547,"href":"https:\/\/ciptnusuk.com\/es\/wp-json\/wp\/v2\/pages\/1549\/revisions\/4547"}],"wp:attachment":[{"href":"https:\/\/ciptnusuk.com\/es\/wp-json\/wp\/v2\/media?parent=1549"}],"curies":[{"name":"wp","href":"https:\/\/api.w.org\/{rel}","templated":true}]}}