{"id":3517,"date":"2025-11-16T08:34:33","date_gmt":"2025-11-16T08:34:33","guid":{"rendered":"https:\/\/ciptnusuk.com\/?page_id=3517"},"modified":"2026-02-27T10:41:27","modified_gmt":"2026-02-27T10:41:27","slug":"politica-de-cancelacion-y-reembolsos","status":"publish","type":"page","link":"https:\/\/ciptnusuk.com\/ar\/politica-de-cancelacion-y-reembolsos\/","title":{"rendered":"\u0633\u064a\u0627\u0633\u0629 \u0627\u0644\u0625\u0644\u063a\u0627\u0621 \u0648\u0627\u0644\u0627\u0633\u062a\u0631\u062f\u0627\u062f"},"content":{"rendered":"<div data-elementor-type=\"wp-page\" data-elementor-id=\"3517\" class=\"elementor elementor-3517\" data-elementor-post-type=\"page\">\n\t\t\t\t<div class=\"elementor-element elementor-element-ca4f645 e-flex e-con-boxed e-con e-parent\" data-id=\"ca4f645\" data-element_type=\"container\" data-e-type=\"container\">\n\t\t\t\t\t<div class=\"e-con-inner\">\n\t\t\t\t<div class=\"elementor-element elementor-element-7470a8c elementor-widget elementor-widget-text-editor\" data-id=\"7470a8c\" data-element_type=\"widget\" data-e-type=\"widget\" data-widget_type=\"text-editor.default\">\n\t\t\t\t\t\t\t\t\t<p><br \/><strong>\u0641\u064a CIPTNUSUK \u0646\u0639\u0645\u0644 \u0628\u0643\u0644 \u0625\u062e\u0644\u0627\u0635 \u0644\u0646\u0642\u062f\u0651\u0645 \u0644\u0643 \u062a\u062c\u0631\u0628\u0629 \u0631\u0648\u062d\u064a\u0629 \u0645\u0646\u0638\u0651\u064e\u0645\u0629 \u0648\u0648\u0627\u0636\u062d\u0629.<\/strong><br \/><strong>*<\/strong><br \/>\u0646\u0639\u0644\u0645 \u0623\u0646 \u0627\u0644\u0638\u0631\u0648\u0641 \u0642\u062f \u062a\u062a\u063a\u064a\u0651\u0631 \u0623\u0648 \u062a\u0637\u0631\u0623 \u0623\u0645\u0648\u0631 \u063a\u064a\u0631 \u0645\u062a\u0648\u0642\u0651\u064e\u0639\u0629\u060c \u0644\u0630\u0644\u0643 \u0646\u0648\u0636\u0651\u062d \u0644\u0643 \u0641\u064a\u0645\u0627 \u064a\u0644\u064a \u0633\u064a\u0627\u0633\u0629 \u0627\u0644\u0625\u0644\u063a\u0627\u0621 \u0644\u062f\u064a\u0646\u0627:<br \/>*<\/p><p><strong>\u0623\u0648\u0644\u064b\u0627: \u0627\u0644\u0625\u0644\u063a\u0627\u0621 \u0645\u0646 \u0642\u0650\u0628\u0644 \u0627\u0644\u0645\u0633\u0627\u0641\u0631<\/strong><br \/>\u0625\u0630\u0627 \u062a\u0645 \u0625\u0644\u063a\u0627\u0621 \u0627\u0644\u0631\u062d\u0644\u0629 \u0642\u0628\u0644 \u0645\u0648\u0639\u062f \u0627\u0644\u0645\u063a\u0627\u062f\u0631\u0629 \u0628\u0623\u0643\u062b\u0631 \u0645\u0646 45 \u064a\u0648\u0645\u064b\u0627\u060c \u064a\u064f\u0633\u062a\u0631\u062f80%<br \/>\u0645\u0646 \u0625\u062c\u0645\u0627\u0644\u064a \u0642\u064a\u0645\u0629 \u0627\u0644\u0631\u062d\u0644\u0629.<br \/>\u0625\u0630\u0627 \u062a\u0645 \u0627\u0644\u0625\u0644\u063a\u0627\u0621 \u0628\u064a\u0646 30 \u064844 \u064a\u0648\u0645\u064b\u0627 \u0642\u0628\u0644 \u0645\u0648\u0639\u062f \u0627\u0644\u0645\u063a\u0627\u062f\u0631\u0629\u060c \u064a\u0643\u0648\u0646 \u0627\u0644\u0627\u0633\u062a\u0631\u062f\u0627\u062f \u0628\u0646\u0633\u0628\u0629 50% \u0645\u0646 \u0627\u0644\u0645\u0628\u0644\u063a.<br \/>\u0625\u0630\u0627 \u062a\u0645 \u0627\u0644\u0625\u0644\u063a\u0627\u0621 \u0628\u064a\u0646 21 \u064829 \u064a\u0648\u0645\u064b\u0627 \u0642\u0628\u0644 \u0645\u0648\u0639\u062f \u0627\u0644\u0645\u063a\u0627\u062f\u0631\u0629\u060c \u064a\u0643\u0648\u0646 \u0627\u0644\u0627\u0633\u062a\u0631\u062f\u0627\u062f \u0628\u0646\u0633\u0628\u0629 25% \u0645\u0646 \u0627\u0644\u0645\u0628\u0644\u063a.<br \/>\u0625\u0630\u0627 \u062a\u0645 \u0627\u0644\u0625\u0644\u063a\u0627\u0621 \u0642\u0628\u0644 \u0645\u0648\u0639\u062f \u0627\u0644\u0645\u063a\u0627\u062f\u0631\u0629 \u0628\u0623\u0642\u0644 \u0645\u0646 20 \u064a\u0648\u0645\u064b\u0627\u060c \u0644\u0627 \u064a\u064f\u062a\u0627\u062d \u0623\u064a \u0627\u0633\u062a\u0631\u062f\u0627\u062f<br \/>\u0646\u0638\u0631\u064b\u0627 \u0644\u062a\u0623\u0643\u064a\u062f \u0627\u0644\u062e\u062f\u0645\u0627\u062a \u0648\u0628\u062f\u0621 \u062a\u0631\u062a\u064a\u0628\u0627\u062a\u0647\u0627 (\u0645\u062b\u0644 \u062a\u0630\u0627\u0643\u0631 \u0627\u0644\u0637\u064a\u0631\u0627\u0646\u060c \u0648\u062d\u062c\u0648\u0632\u0627\u062a \u0627\u0644\u0641\u0646\u0627\u062f\u0642\u060c \u0648\u0627\u0644\u062a\u0623\u0634\u064a\u0631\u0627\u062a\u060c \u0648\u063a\u064a\u0631\u0647\u0627).<br \/>*<br \/><strong>\u062b\u0627\u0646\u064a\u064b\u0627: \u0627\u0644\u0625\u0644\u063a\u0627\u0621 \u0644\u0623\u0633\u0628\u0627\u0628 \u0642\u0627\u0647\u0631\u0629<\/strong><\/p><p data-start=\"224\" data-end=\"531\">En caso de enfermedad grave, fallecimiento de familiar directo u otra causa de fuerza mayor debidamente justificada mediante documentaci\u00f3n oficial, la agencia ofrecer\u00e1 prioritariamente la reprogramaci\u00f3n del viaje a una nueva fecha, sin gastos de gesti\u00f3n adicionales, siempre que los proveedores lo permitan.<\/p><p data-start=\"533\" data-end=\"814\">En caso de que la reprogramaci\u00f3n no fuera posible, se proceder\u00e1 al reembolso de las cantidades efectivamente recuperadas de los proveedores (aerol\u00edneas, hoteles, visados u otros servicios), descontando los importes no reembolsables y los gastos de gesti\u00f3n.<\/p><p><br \/><strong>\u062b\u0627\u0644\u062b\u064b\u0627: \u0627\u0644\u0625\u0644\u063a\u0627\u0621 \u0645\u0646 \u0642\u0650\u0628\u0644 CIPTNUSUK<\/strong><br \/>\u0625\u0630\u0627 \u0627\u0636\u0637\u0631\u0631\u0646\u0627 \u0625\u0644\u0649 \u0625\u0644\u063a\u0627\u0621 \u0627\u0644\u0631\u062d\u0644\u0629 \u0644\u0623\u0633\u0628\u0627\u0628 \u062e\u0627\u0631\u062c\u0629 \u0639\u0646 \u0625\u0631\u0627\u062f\u0629 \u0627\u0644\u0645\u0633\u0627\u0641\u0631<br \/>(\u0645\u062b\u0644 \u0625\u063a\u0644\u0627\u0642 \u0627\u0644\u062d\u062f\u0648\u062f\u060c \u0623\u0648 \u0639\u062f\u0645 \u0625\u0635\u062f\u0627\u0631 \u0627\u0644\u062a\u0623\u0634\u064a\u0631\u0629\u060c \u0623\u0648 \u0623\u064a \u0638\u0631\u0641 \u0642\u0627\u0647\u0631 \u0622\u062e\u0631)\u060c \u0641\u0633\u064a\u062a\u0645:<br \/>\u0627\u0633\u062a\u0631\u062f\u0627\u062f 100\u066a \u0645\u0646 \u0627\u0644\u0645\u0628\u0644\u063a \u0627\u0644\u0645\u062f\u0641\u0648\u0639\u060c \u0623\u0648<br \/><strong>\u062a\u0642\u062f\u064a\u0645 \u062a\u0627\u0631\u064a\u062e \u0628\u062f\u064a\u0644 \u0644\u0644\u0631\u062d\u0644\u0629\u060c \u0645\u0639 \u062a\u0631\u0643 \u0627\u0644\u062e\u064a\u0627\u0631 \u0644\u0644\u0645\u0633\u0627\u0641\u0631 \u0628\u064a\u0646 \u0627\u0644\u0627\u0633\u062a\u0631\u062f\u0627\u062f \u0623\u0648 \u0627\u0644\u0627\u0646\u062a\u0642\u0627\u0644 \u0625\u0644\u0649 \u0627\u0644\u0645\u0648\u0639\u062f \u0627\u0644\u062c\u062f\u064a\u062f.<\/strong><br \/>\u0631\u0627\u0628\u0639\u064b\u0627: \u0625\u062c\u0631\u0627\u0621\u0627\u062a \u0627\u0644\u0627\u0633\u062a\u0631\u062f\u0627\u062f (\u0627\u0633\u062a\u0631\u062c\u0627\u0639 \u0627\u0644\u0645\u0628\u0627\u0644\u063a)<br \/>\u064a\u062a\u0645 \u062a\u0646\u0641\u064a\u0630 \u0639\u0645\u0644\u064a\u0627\u062a \u0627\u0644\u0627\u0633\u062a\u0631\u062f\u0627\u062f \u062e\u0644\u0627\u0644 \u0645\u062f\u0629 \u0623\u0642\u0635\u0627\u0647\u0627 30 \u064a\u0648\u0645\u064b\u0627 \u0645\u0646 \u062a\u0627\u0631\u064a\u062e \u062a\u0623\u0643\u064a\u062f \u0637\u0644\u0628 \u0627\u0644\u0625\u0644\u063a\u0627\u0621 \u0648\u0642\u0628\u0648\u0644\u0647\u060c \u0648\u064a\u064f\u0633\u062a\u062e\u062f\u064e\u0645 \u0646\u0641\u0633 \u0648\u0633\u064a\u0644\u0629 \u0627\u0644\u062f\u0641\u0639 \u0627\u0644\u062a\u064a \u0627\u0633\u062a\u064f\u062e\u062f\u0645\u062a \u0639\u0646\u062f \u0627\u0644\u062d\u062c\u0632 \u0643\u0644\u0645\u0627 \u0623\u0645\u0643\u0646 \u0630\u0644\u0643.<br \/><strong>\u062e\u0627\u0645\u0633\u064b\u0627: \u062a\u063a\u064a\u064a\u0631 \u0627\u0644\u0627\u0633\u0645 \u0623\u0648 \u0627\u0644\u062a\u0627\u0631\u064a\u062e<\/strong><br \/>\u062a\u062e\u0636\u0639 \u062a\u063a\u064a\u064a\u0631\u0627\u062a \u0627\u0644\u0627\u0633\u0645 \u0641\u064a \u062a\u0630\u0643\u0631\u0629 \u0627\u0644\u0633\u0641\u0631 \u0644\u0634\u0631\u0648\u0637 \u0648\u0623\u062d\u0643\u0627\u0645 \u0634\u0631\u0643\u0629 \u0627\u0644\u0637\u064a\u0631\u0627\u0646 \u0627\u0644\u0645\u0639\u0646\u064a\u0651\u0629.<br \/>\u064a\u0645\u0643\u0646 \u062a\u0639\u062f\u064a\u0644 \u062a\u0627\u0631\u064a\u062e \u0627\u0644\u0633\u0641\u0631 \u0641\u064a \u062d\u0627\u0644 \u062a\u0648\u0641\u0651\u0631 \u0623\u0645\u0627\u0643\u0646 \u0641\u0627\u0631\u063a\u0629\u060c \u0645\u0639 \u0627\u062d\u062a\u0645\u0627\u0644 \u062a\u0637\u0628\u064a\u0642 \u0641\u0631\u0648\u0642 \u0641\u064a \u0627\u0644\u0623\u0633\u0639\u0627\u0631 \u0623\u0648 \u0631\u0633\u0648\u0645 \u0625\u0636\u0627\u0641\u064a\u0629 \u0628\u062d\u0633\u0628 \u0627\u0644\u062a\u0648\u0627\u0631\u064a\u062e \u0648\u0627\u0644\u062e\u062f\u0645\u0627\u062a \u0627\u0644\u062c\u062f\u064a\u062f\u0629.<br \/>*<br \/>*<br \/><strong>\u0627\u0644\u062a\u0632\u0627\u0645 CIPTNUSUK \u062a\u062c\u0627\u0647\u0643<\/strong><br \/>\u063a\u0627\u064a\u062a\u0646\u0627 \u0623\u0646 \u0646\u0631\u0627\u0641\u0642\u0643 \u0641\u064a \u0631\u062d\u0644\u062a\u0643 \u0627\u0644\u0631\u0648\u062d\u064a\u0629 \u0628\u0623\u0645\u0627\u0646\u0629 \u0648\u0648\u0636\u0648\u062d \u0648\u0645\u0631\u0648\u0646\u0629\u060c<br \/>\u0648\u0623\u0646 \u0646\u062c\u0639\u0644 \u062a\u062c\u0631\u0628\u0629 \u0627\u0644\u0633\u0641\u0631 \u0625\u0644\u0649 \u0628\u064a\u062a \u0627\u0644\u0644\u0647 \u0627\u0644\u062d\u0631\u0627\u0645 \u0631\u062d\u0644\u0629\u064b \u0647\u0627\u062f\u0626\u0629 \u0648\u0643\u0631\u064a\u0645\u0629 \u0645\u0646\u0630 \u0644\u062d\u0638\u0629 \u0627\u0644\u062d\u062c\u0632 \u0648\u062d\u062a\u0649 \u0639\u0648\u062f\u062a\u0643 \u0628\u0633\u0644\u0627\u0645\u060c \u0628\u0625\u0630\u0646 \u0627\u0644\u0644\u0647.<\/p>\t\t\t\t\t\t\t\t<\/div>\n\t\t\t\t\t<\/div>\n\t\t\t\t<\/div>\n\t\t\t\t<\/div>","protected":false},"excerpt":{"rendered":"<p>En CIPTNUSUK trabajamos con dedicaci\u00f3n para ofrecerte una experiencia espiritualorganizada y transparente.Sabemos que pueden surgir imprevistos, por eso detallamos nuestras condicionesde cancelaci\u00f3n: Cancelaciones por parte del viajero\u25cf Si la cancelaci\u00f3n se realiza m\u00e1s de 45 d\u00edas antes de la salida, se reembolsar\u00e1el 80 % del importe total del viaje.\u25cf Si se cancela entre 30 y [&hellip;]<\/p>\n","protected":false},"author":1,"featured_media":0,"parent":0,"menu_order":0,"comment_status":"closed","ping_status":"closed","template":"","meta":{"footnotes":""},"class_list":["post-3517","page","type-page","status-publish","hentry"],"_links":{"self":[{"href":"https:\/\/ciptnusuk.com\/ar\/wp-json\/wp\/v2\/pages\/3517","targetHints":{"allow":["GET"]}}],"collection":[{"href":"https:\/\/ciptnusuk.com\/ar\/wp-json\/wp\/v2\/pages"}],"about":[{"href":"https:\/\/ciptnusuk.com\/ar\/wp-json\/wp\/v2\/types\/page"}],"author":[{"embeddable":true,"href":"https:\/\/ciptnusuk.com\/ar\/wp-json\/wp\/v2\/users\/1"}],"replies":[{"embeddable":true,"href":"https:\/\/ciptnusuk.com\/ar\/wp-json\/wp\/v2\/comments?post=3517"}],"version-history":[{"count":8,"href":"https:\/\/ciptnusuk.com\/ar\/wp-json\/wp\/v2\/pages\/3517\/revisions"}],"predecessor-version":[{"id":4630,"href":"https:\/\/ciptnusuk.com\/ar\/wp-json\/wp\/v2\/pages\/3517\/revisions\/4630"}],"wp:attachment":[{"href":"https:\/\/ciptnusuk.com\/ar\/wp-json\/wp\/v2\/media?parent=3517"}],"curies":[{"name":"wp","href":"https:\/\/api.w.org\/{rel}","templated":true}]}}