{"id":1786,"date":"2025-11-03T07:11:46","date_gmt":"2025-11-03T07:11:46","guid":{"rendered":"https:\/\/ciptnusuk.com\/terms-and-conditions\/"},"modified":"2025-11-17T10:28:27","modified_gmt":"2025-11-17T10:28:27","slug":"terminos-y-condiciones","status":"publish","type":"page","link":"https:\/\/ciptnusuk.com\/ar\/terminos-y-condiciones\/","title":{"rendered":"\u0627\u0644\u0634\u0631\u0648\u0637 \u0648\u0627\u0644\u0623\u062d\u0643\u0627\u0645"},"content":{"rendered":"<div data-elementor-type=\"wp-page\" data-elementor-id=\"1786\" class=\"elementor elementor-1786\" data-elementor-post-type=\"page\">\n\t\t\t\t<div class=\"elementor-element elementor-element-1bbe19e e-flex e-con-boxed e-con e-parent\" data-id=\"1bbe19e\" data-element_type=\"container\" data-e-type=\"container\">\n\t\t\t\t\t<div class=\"e-con-inner\">\n\t\t\t\t<div class=\"elementor-element elementor-element-b6a2e3f elementor-widget elementor-widget-heading\" data-id=\"b6a2e3f\" data-element_type=\"widget\" data-e-type=\"widget\" data-widget_type=\"heading.default\">\n\t\t\t\t\t<h2 class=\"elementor-heading-title elementor-size-default\">\u0627\u0644\u0634\u0631\u0648\u0637 \u0648\u0627\u0644\u0623\u062d\u0643\u0627\u0645<\/h2>\t\t\t\t<\/div>\n\t\t\t\t\t<\/div>\n\t\t\t\t<\/div>\n\t\t<div class=\"elementor-element elementor-element-3d58a46 e-flex e-con-boxed e-con e-parent\" data-id=\"3d58a46\" data-element_type=\"container\" data-e-type=\"container\">\n\t\t\t\t\t<div class=\"e-con-inner\">\n\t\t\t\t<div class=\"elementor-element elementor-element-23ce9b6 elementor-widget elementor-widget-text-editor\" data-id=\"23ce9b6\" data-element_type=\"widget\" data-e-type=\"widget\" data-widget_type=\"text-editor.default\">\n\t\t\t\t\t\t\t\t\t<p data-start=\"358\" data-end=\"405\">\u00a0<\/p><p data-start=\"407\" data-end=\"429\"><strong>\u0637\u0628\u064a\u0639\u0629 \u0627\u0644\u0645\u0648\u0642\u0639 \u0648\u062e\u062f\u0645\u0627\u062a\u0647<\/strong><\/p><p data-start=\"431\" data-end=\"609\">\u064a\u0647\u062f\u0641 \u0647\u0630\u0627 \u0627\u0644\u0645\u0648\u0642\u0639 \u0627\u0644\u0625\u0644\u0643\u062a\u0631\u0648\u0646\u064a \u0625\u0644\u0649 \u062a\u0642\u062f\u064a\u0645 \u0627\u0644\u0645\u0639\u0644\u0648\u0645\u0627\u062a \u0648\u0627\u0644\u062e\u062f\u0645\u0627\u062a \u0627\u0644\u0645\u062a\u0639\u0644\u0642\u0629 \u0628\u062a\u0646\u0638\u064a\u0645 \u0631\u062d\u0644\u0627\u062a \u0627\u0644\u0639\u0645\u0631\u0629\u060c \u0628\u0627\u0644\u0625\u0636\u0627\u0641\u0629 \u0625\u0644\u0649 \u0631\u062d\u0644\u0627\u062a \u0623\u062e\u0631\u0649 \u0630\u0627\u062a \u0637\u0627\u0628\u0639 \u062f\u064a\u0646\u064a \u0623\u0648 \u062b\u0642\u0627\u0641\u064a.<\/p><p data-start=\"611\" data-end=\"642\"><strong>\u0642\u0628\u0648\u0644 \u0627\u0644\u0634\u0631\u0648\u0637 \u0648\u0627\u0644\u0623\u062d\u0643\u0627\u0645<\/strong><\/p><p data-start=\"644\" data-end=\"906\">\u064a\u064f\u0639\u062f\u0651 \u062f\u062e\u0648\u0644 \u0647\u0630\u0627 \u0627\u0644\u0645\u0648\u0642\u0639 \u0648\u0627\u0633\u062a\u062e\u062f\u0627\u0645\u0647 \u0642\u0628\u0648\u0644\u064b\u0627 \u0643\u0627\u0645\u0644\u064b\u0627 \u0648\u0635\u0631\u064a\u062d\u064b\u0627 \u0644\u0647\u0630\u0647 \u0627\u0644\u0634\u0631\u0648\u0637 \u0648\u0627\u0644\u0623\u062d\u0643\u0627\u0645.<br data-start=\"748\" data-end=\"751\" \/>\u0648\u064a\u0644\u062a\u0632\u0645 \u0627\u0644\u0645\u0633\u062a\u062e\u062f\u0645 \u0628\u0627\u0633\u062a\u062e\u062f\u0627\u0645 \u0627\u0644\u0645\u0648\u0642\u0639 \u0628\u0637\u0631\u064a\u0642\u0629 \u0645\u0634\u0631\u0648\u0639\u0629 \u0648\u0645\u0646\u0627\u0633\u0628\u0629\u060c \u0648\u0648\u0641\u0642\u064b\u0627 \u0644\u0644\u062a\u0634\u0631\u064a\u0639\u0627\u062a \u0627\u0644\u0646\u0627\u0641\u0630\u0629 \u0648\u0645\u0627 \u0647\u0648 \u0645\u0628\u064a\u0651\u064e\u0646 \u0641\u064a \u0647\u0630\u0647 \u0627\u0644\u0634\u0631\u0648\u0637.<\/p><p data-start=\"908\" data-end=\"929\"><strong>\u0627\u0644\u062e\u062f\u0645\u0627\u062a \u0627\u0644\u0645\u0642\u062f\u0651\u064e\u0645\u0629<\/strong><\/p><p data-start=\"931\" data-end=\"1224\">\u062a\u0642\u062f\u0651\u0645 CIPTNUSUK \u062e\u062f\u0645\u0627\u062a \u0627\u0644\u062a\u062e\u0637\u064a\u0637 \u0648\u0627\u0644\u062a\u0646\u0638\u064a\u0645 \u0648\u062d\u062c\u0632 \u0631\u062d\u0644\u0627\u062a \u0627\u0644\u0639\u0645\u0631\u0629\u060c \u0628\u0627\u0644\u0625\u0636\u0627\u0641\u0629 \u0625\u0644\u0649 \u0628\u0627\u0642\u0627\u062a \u0633\u064a\u0627\u062d\u064a\u0629 \u0623\u062e\u0631\u0649 \u0645\u064f\u0635\u0645\u0651\u064e\u0645\u0629 \u062d\u0633\u0628 \u0627\u0644\u0637\u0644\u0628.<br data-start=\"1063\" data-end=\"1066\" \/>\u0648\u062a\u062e\u0636\u0639 \u0647\u0630\u0647 \u0627\u0644\u062e\u062f\u0645\u0627\u062a \u0644\u0644\u062a\u0648\u0627\u0641\u0631 \u0648\u0644\u0644\u0634\u0631\u0648\u0637 \u0627\u0644\u062e\u0627\u0635\u0629 \u0628\u0643\u0644 \u0645\u0632\u0648\u0651\u062f \u0645\u0646 \u0645\u0632\u0648\u0651\u062f\u064a \u0627\u0644\u062e\u062f\u0645\u0627\u062a (\u0634\u0631\u0643\u0627\u062a \u0627\u0644\u0637\u064a\u0631\u0627\u0646\u060c \u0627\u0644\u0641\u0646\u0627\u062f\u0642\u060c \u0627\u0644\u0648\u0643\u0627\u0644\u0627\u062a \u0627\u0644\u0645\u062d\u0644\u064a\u0629\u060c \u0625\u0644\u062e).<\/p><p data-start=\"1226\" data-end=\"1257\"><strong>\u0627\u0644\u062a\u0639\u0627\u0642\u062f \u0639\u0644\u0649 \u0627\u0644\u062e\u062f\u0645\u0627\u062a<\/strong><\/p><p data-start=\"1259\" data-end=\"1613\">\u0644\u0627 \u062a\u064f\u0639\u062a\u0628\u064e\u0631 \u062d\u062c\u0632 \u0623\u064a \u062e\u062f\u0645\u0629 \u0645\u0646 \u062e\u062f\u0645\u0627\u062a CIPTNUSUK \u0646\u0627\u0641\u0630\u064b\u0627 \u0625\u0644\u0627 \u0628\u0639\u062f \u062a\u0644\u0642\u0651\u064a \u0627\u0644\u0645\u0633\u062a\u062e\u062f\u0645 \u062a\u0623\u0643\u064a\u062f\u064b\u0627 \u0643\u062a\u0627\u0628\u064a\u064b\u0627\u060c \u0633\u0648\u0627\u0621 \u0639\u0628\u0631 \u0627\u0644\u0628\u0631\u064a\u062f \u0627\u0644\u0625\u0644\u0643\u062a\u0631\u0648\u0646\u064a \u0623\u0648 \u0645\u0646 \u062e\u0644\u0627\u0644 \u0645\u0633\u062a\u0646\u062f \u0631\u0642\u0645\u064a \u0631\u0633\u0645\u064a.<br data-start=\"1468\" data-end=\"1471\" \/>\u0648\u0628\u0625\u062a\u0645\u0627\u0645 \u0627\u0644\u062d\u062c\u0632\u060c \u064a\u064f\u0642\u0631\u0651 \u0627\u0644\u0645\u0633\u062a\u062e\u062f\u0645 \u0628\u0635\u062d\u0629 \u0627\u0644\u0628\u064a\u0627\u0646\u0627\u062a \u0627\u0644\u062a\u064a \u0642\u062f\u0651\u0645\u0647\u0627 \u0648\u064a\u0648\u0627\u0641\u0642 \u0639\u0644\u0649 \u0627\u0644\u0634\u0631\u0648\u0637 \u0627\u0644\u062e\u0627\u0635\u0629 \u0628\u0627\u0644\u062e\u062f\u0645\u0629 \u0627\u0644\u0645\u062e\u062a\u0627\u0631\u0629.<\/p><p data-start=\"1615\" data-end=\"1635\"><strong>\u0627\u0644\u062f\u0641\u0639 \u0648\u0627\u0644\u0625\u0644\u063a\u0627\u0621<\/strong><\/p><p data-start=\"1637\" data-end=\"1729\">\u062a\u064f\u062d\u062f\u0651\u064e\u062f \u0627\u0644\u0623\u0633\u0639\u0627\u0631 \u0648\u0634\u0631\u0648\u0637 \u0627\u0644\u062f\u0641\u0639 \u0641\u064a \u0643\u0644 \u0628\u0627\u0642\u0629 \u0623\u0648 \u062e\u062f\u0645\u0629 \u0639\u0644\u0649 \u062d\u062f\u0629.<\/p><p data-start=\"1731\" data-end=\"1803\">\u0648\u064a\u0644\u062a\u0632\u0645 \u0627\u0644\u0645\u0633\u062a\u062e\u062f\u0645 \u0628\u0633\u062f\u0627\u062f \u0627\u0644\u0645\u062f\u0641\u0648\u0639\u0627\u062a \u0636\u0645\u0646 \u0627\u0644\u0645\u0648\u0627\u0639\u064a\u062f \u0627\u0644\u0645\u062d\u062f\u0651\u062f\u0629.<\/p><p data-start=\"1805\" data-end=\"1936\">\u0641\u064a \u062d\u0627\u0644 \u0627\u0644\u0625\u0644\u063a\u0627\u0621 \u0645\u0646 \u062c\u0627\u0646\u0628 \u0627\u0644\u0639\u0645\u064a\u0644\u060c \u062a\u064f\u0637\u0628\u0651\u064e\u0642 \u0633\u064a\u0627\u0633\u0627\u062a \u0627\u0644\u0625\u0644\u063a\u0627\u0621 \u0627\u0644\u0645\u0628\u064a\u0651\u064e\u0646\u0629 \u0641\u064a \u062a\u0641\u0627\u0635\u064a\u0644 \u0627\u0644\u062d\u062c\u0632 \u0627\u0644\u0645\u0639\u0646\u064a.<\/p><p data-start=\"1938\" data-end=\"2089\">\u0644\u0627 \u062a\u062a\u062d\u0645\u0651\u0644 CIPTNUSUK \u0623\u064a \u0645\u0633\u0624\u0648\u0644\u064a\u0629 \u0639\u0646 \u0627\u0644\u0639\u0645\u0648\u0644\u0627\u062a \u0623\u0648 \u0627\u0644\u0631\u0633\u0648\u0645 \u0623\u0648 \u0627\u0644\u0627\u0642\u062a\u0637\u0627\u0639\u0627\u062a \u0627\u0644\u062a\u064a \u0642\u062f \u064a\u0641\u0631\u0636\u0647\u0627 \u0645\u0632\u0648\u0651\u062f\u0648 \u0627\u0644\u062e\u062f\u0645\u0627\u062a \u0627\u0644\u0622\u062e\u0631\u0648\u0646 (\u0645\u062b\u0644 \u0634\u0631\u0643\u0627\u062a \u0627\u0644\u0637\u064a\u0631\u0627\u0646 \u0623\u0648 \u0627\u0644\u0641\u0646\u0627\u062f\u0642).<\/p><p data-start=\"2091\" data-end=\"2120\"><strong>\u0645\u0633\u0624\u0648\u0644\u064a\u0629 \u0627\u0644\u0645\u0633\u062a\u062e\u062f\u0645<\/strong><\/p><p data-start=\"2122\" data-end=\"2443\">\u064a\u062a\u0639\u0647\u0651\u062f \u0627\u0644\u0645\u0633\u062a\u062e\u062f\u0645 \u0628\u0639\u062f\u0645 \u0627\u0644\u0642\u064a\u0627\u0645 \u0628\u0623\u064a \u0646\u0634\u0627\u0637 \u063a\u064a\u0631 \u0642\u0627\u0646\u0648\u0646\u064a \u0623\u0648 \u0645\u0633\u064a\u0621 \u0623\u0648 \u0645\u0646 \u0634\u0623\u0646\u0647 \u0625\u0644\u062d\u0627\u0642 \u0627\u0644\u0636\u0631\u0631 \u0628\u0627\u0644\u0645\u0648\u0642\u0639 \u0623\u0648 \u0628\u0627\u0644\u063a\u064a\u0631.<br data-start=\"2247\" data-end=\"2250\" \/>\u0648\u064a\u064f\u062d\u0638\u064e\u0631 \u062d\u0638\u0631\u064b\u0627 \u062a\u0627\u0645\u064b\u0627 \u0625\u062f\u062e\u0627\u0644 \u0641\u064a\u0631\u0648\u0633\u0627\u062a \u0623\u0648 \u0623\u064a \u0646\u0648\u0639 \u0645\u0646 \u0627\u0644\u0628\u0631\u0645\u062c\u064a\u0627\u062a \u0627\u0644\u062e\u0628\u064a\u062b\u0629 \u0641\u064a \u0627\u0644\u0645\u0648\u0642\u0639\u060c \u0648\u062a\u062d\u062a\u0641\u0638 CIPTNUSUK \u0628\u062d\u0642 \u0627\u062a\u062e\u0627\u0630 \u0627\u0644\u0625\u062c\u0631\u0627\u0621\u0627\u062a \u0627\u0644\u0642\u0627\u0646\u0648\u0646\u064a\u0629 \u0627\u0644\u0645\u0646\u0627\u0633\u0628\u0629 \u0639\u0646\u062f \u0627\u0644\u0627\u0642\u062a\u0636\u0627\u0621.<\/p><p data-start=\"2445\" data-end=\"2475\"><strong>\u0645\u0633\u0624\u0648\u0644\u064a\u0629 CIPTNUSUK<\/strong><\/p><p data-start=\"2477\" data-end=\"2758\">\u062a\u0639\u0645\u0644 CIPTNUSUK \u0628\u0648\u0635\u0641\u0647\u0627 \u0648\u0633\u064a\u0637\u064b\u0627 \u0628\u064a\u0646 \u0627\u0644\u0639\u0645\u064a\u0644 \u0648\u0645\u062e\u062a\u0644\u0641 \u0645\u0632\u0648\u0651\u062f\u064a \u0627\u0644\u062e\u062f\u0645\u0627\u062a \u0627\u0644\u0633\u064a\u0627\u062d\u064a\u0629.<br data-start=\"2581\" data-end=\"2584\" \/>\u0648\u0628\u0627\u0644\u062a\u0627\u0644\u064a\u060c \u0641\u0647\u064a \u063a\u064a\u0631 \u0645\u0633\u0624\u0648\u0644\u0629 \u0639\u0646 \u0627\u0644\u062a\u0623\u062e\u064a\u0631\u0627\u062a \u0623\u0648 \u0627\u0644\u0625\u0644\u063a\u0627\u0621\u0627\u062a \u0623\u0648 \u0627\u0644\u062e\u0633\u0627\u0626\u0631 \u0623\u0648 \u0627\u0644\u0645\u0634\u0643\u0644\u0627\u062a \u0627\u0644\u0646\u0627\u0634\u0626\u0629 \u0645\u0628\u0627\u0634\u0631\u0629\u064b \u0639\u0646 \u0647\u0624\u0644\u0627\u0621 \u0627\u0644\u0645\u0632\u0648\u0651\u062f\u064a\u0646\u060c \u0648\u0644\u0627 \u0639\u0646 \u0627\u0644\u062d\u0627\u0644\u0627\u062a \u0627\u0644\u0646\u0627\u062c\u0645\u0629 \u0639\u0646 \u0638\u0631\u0648\u0641 \u0642\u0627\u0647\u0631\u0629 \u0645\u062b\u0644:<\/p><p data-start=\"2760\" data-end=\"2869\">\u2013 \u0627\u0644\u0642\u0631\u0627\u0631\u0627\u062a \u0623\u0648 \u0627\u0644\u0642\u064a\u0648\u062f \u0627\u0644\u062d\u0643\u0648\u0645\u064a\u0629<br data-start=\"2804\" data-end=\"2807\" \/>\u2013 \u0627\u0644\u0623\u0648\u0628\u0626\u0629 \u0623\u0648 \u0627\u0644\u0637\u0648\u0627\u0631\u0626 \u0627\u0644\u0635\u062d\u064a\u0629<br data-start=\"2843\" data-end=\"2846\" \/>\u2013 \u0627\u0644\u0643\u0648\u0627\u0631\u062b \u0627\u0644\u0637\u0628\u064a\u0639\u064a\u0629<\/p><p data-start=\"2871\" data-end=\"3010\">\u0648\u0645\u0639 \u0630\u0644\u0643\u060c \u062a\u0644\u062a\u0632\u0645 \u0627\u0644\u0634\u0631\u0643\u0629 \u0628\u0645\u0633\u0627\u0639\u062f\u0629 \u0627\u0644\u0639\u0645\u064a\u0644 \u0641\u064a \u0645\u062a\u0627\u0628\u0639\u0629 \u0627\u0644\u0634\u0643\u0627\u0648\u0649 \u0623\u0648 \u0627\u0644\u0625\u062c\u0631\u0627\u0621\u0627\u062a \u0627\u0644\u0644\u0627\u0632\u0645\u0629 \u0644\u062f\u0649 \u0627\u0644\u0645\u0632\u0648\u0651\u062f\u064a\u0646 \u0627\u0644\u0645\u0639\u0646\u064a\u064a\u0646.<\/p><p data-start=\"3012\" data-end=\"3035\"><strong>\u0627\u0644\u0645\u0644\u0643\u064a\u0629 \u0627\u0644\u0641\u0643\u0631\u064a\u0629<\/strong><\/p><p data-start=\"3037\" data-end=\"3300\">\u062a\u064f\u0639\u062a\u0628\u064e\u0631 \u062c\u0645\u064a\u0639 \u0645\u062d\u062a\u0648\u064a\u0627\u062a \u0647\u0630\u0627 \u0627\u0644\u0645\u0648\u0642\u0639 \u2014 \u0628\u0645\u0627 \u0641\u064a \u0630\u0644\u0643 \u0627\u0644\u0646\u0635\u0648\u0635 \u0648\u0627\u0644\u0635\u0648\u0631 \u0648\u0627\u0644\u0634\u0639\u0627\u0631\u0627\u062a \u0648\u0627\u0644\u062a\u0635\u0627\u0645\u064a\u0645 \u2014 \u0645\u0644\u0643\u064b\u0627 \u0644\u0640 CIPTNUSUK \u0623\u0648 \u0644\u0623\u0635\u062d\u0627\u0628\u0647\u0627 \u0627\u0644\u0634\u0631\u0639\u064a\u064a\u0646 \u0628\u0645\u0648\u062c\u0628 \u062a\u0631\u062e\u064a\u0635.<br data-start=\"3205\" data-end=\"3208\" \/>\u0648\u064a\u064f\u062d\u0638\u064e\u0631 \u0646\u0633\u062e \u0647\u0630\u0647 \u0627\u0644\u0645\u062d\u062a\u0648\u064a\u0627\u062a \u0623\u0648 \u0627\u0633\u062a\u062e\u062f\u0627\u0645\u0647\u0627 \u0623\u0648 \u062a\u0648\u0632\u064a\u0639\u0647\u0627 \u062f\u0648\u0646 \u0627\u0644\u062d\u0635\u0648\u0644 \u0639\u0644\u0649 \u0645\u0648\u0627\u0641\u0642\u0629 \u062e\u0637\u064a\u0651\u0629 \u0645\u0633\u0628\u0642\u0629.<\/p><p data-start=\"3302\" data-end=\"3323\"><strong>\u062d\u0645\u0627\u064a\u0629 \u0627\u0644\u0628\u064a\u0627\u0646\u0627\u062a<\/strong><\/p><p data-start=\"3325\" data-end=\"3487\">\u064a\u062e\u0636\u0639 \u0627\u0644\u062a\u0639\u0627\u0645\u0644 \u0645\u0639 \u0627\u0644\u0628\u064a\u0627\u0646\u0627\u062a \u0627\u0644\u0634\u062e\u0635\u064a\u0629 \u0644\u0633\u064a\u0627\u0633\u0629 \u0627\u0644\u062e\u0635\u0648\u0635\u064a\u0629 \u0627\u0644\u0645\u0646\u0634\u0648\u0631\u0629 \u0641\u064a \u0647\u0630\u0627 \u0627\u0644\u0645\u0648\u0642\u0639\u060c \u0648\u064a\u062c\u0631\u064a \u0648\u0641\u0642\u064b\u0627 \u0644\u0644\u062a\u0634\u0631\u064a\u0639\u0627\u062a \u0627\u0644\u0645\u0639\u0645\u0648\u0644 \u0628\u0647\u0627.<\/p><p data-start=\"3489\" data-end=\"3507\"><strong>\u0627\u0644\u0631\u0648\u0627\u0628\u0637 \u0627\u0644\u062e\u0627\u0631\u062c\u064a\u0629<\/strong><\/p><p data-start=\"3509\" data-end=\"3695\">\u0642\u062f \u064a\u062d\u062a\u0648\u064a \u0647\u0630\u0627 \u0627\u0644\u0645\u0648\u0642\u0639 \u0627\u0644\u0625\u0644\u0643\u062a\u0631\u0648\u0646\u064a \u0639\u0644\u0649 \u0631\u0648\u0627\u0628\u0637 \u0644\u0645\u0648\u0627\u0642\u0639 \u062e\u0627\u0631\u062c\u064a\u0629 \u062a\u0627\u0628\u0639\u0629 \u0644\u0623\u0637\u0631\u0627\u0641 \u0623\u062e\u0631\u0649.<br data-start=\"3592\" data-end=\"3595\" \/>\u0648\u0644\u0627 \u062a\u062a\u062d\u0645\u0651\u0644 CIPTNUSUK \u0623\u064a \u0645\u0633\u0624\u0648\u0644\u064a\u0629 \u0639\u0646 \u0645\u062d\u062a\u0648\u0649 \u062a\u0644\u0643 \u0627\u0644\u0645\u0648\u0627\u0642\u0639 \u0648\u0644\u0627 \u0639\u0646 \u0633\u064a\u0627\u0633\u0627\u062a\u0647\u0627 \u0627\u0644\u0645\u062a\u0639\u0644\u0642\u0629 \u0628\u0627\u0644\u062e\u0635\u0648\u0635\u064a\u0629.<\/p><p data-start=\"3697\" data-end=\"3713\"><strong>\u0627\u0644\u062a\u0639\u062f\u064a\u0644\u0627\u062a<\/strong><\/p><p data-start=\"3715\" data-end=\"3900\">\u062a\u062d\u062a\u0641\u0638 CIPTNUSUK \u0628\u0627\u0644\u062d\u0642 \u0641\u064a \u062a\u0639\u062f\u064a\u0644 \u0647\u0630\u0647 \u0627\u0644\u0634\u0631\u0648\u0637 \u0648\u0627\u0644\u0623\u062d\u0643\u0627\u0645 \u0641\u064a \u0623\u064a \u0648\u0642\u062a.<br data-start=\"3810\" data-end=\"3813\" \/>\u0648\u062a\u0635\u0628\u062d \u0647\u0630\u0647 \u0627\u0644\u062a\u0639\u062f\u064a\u0644\u0627\u062a \u0646\u0627\u0641\u0630\u0629 \u0627\u0644\u0645\u0641\u0639\u0648\u0644 \u0645\u0646 \u062a\u0627\u0631\u064a\u062e \u0646\u0634\u0631\u0647\u0627 \u0639\u0644\u0649 \u0647\u0630\u0647 \u0627\u0644\u0635\u0641\u062d\u0629.<\/p><p data-start=\"3902\" data-end=\"3917\"><strong>\u0627\u0644\u0642\u0627\u0646\u0648\u0646 \u0627\u0644\u0645\u0639\u0645\u0648\u0644 \u0628\u0647<\/strong><\/p><p data-start=\"3919\" data-end=\"4145\">\u062a\u062e\u0636\u0639 \u0647\u0630\u0647 \u0627\u0644\u0634\u0631\u0648\u0637 \u0644\u0623\u062d\u0643\u0627\u0645 \u0627\u0644\u0642\u0627\u0646\u0648\u0646 \u0627\u0644\u0625\u0633\u0628\u0627\u0646\u064a.<br data-start=\"3974\" data-end=\"3977\" \/>\u0648\u062a\u064f\u062d\u0627\u0644 \u0623\u064a \u0646\u0632\u0627\u0639\u0627\u062a \u062a\u062a\u0639\u0644\u0651\u0642 \u0628\u0627\u0633\u062a\u062e\u062f\u0627\u0645 \u0647\u0630\u0627 \u0627\u0644\u0645\u0648\u0642\u0639 \u0625\u0644\u0649 \u0627\u0644\u0645\u062d\u0627\u0643\u0645 \u0648\u0627\u0644\u0647\u064a\u0626\u0627\u062a \u0627\u0644\u0642\u0636\u0627\u0626\u064a\u0629 \u0627\u0644\u0625\u0633\u0628\u0627\u0646\u064a\u0629 \u0627\u0644\u0645\u062e\u062a\u0635\u0651\u0629\u060c \u0645\u0627 \u0644\u0645 \u062a\u0646\u0635\u0651 \u0627\u0644\u0642\u0648\u0627\u0646\u064a\u0646 \u0627\u0644\u0645\u0639\u0645\u0648\u0644 \u0628\u0647\u0627 \u0639\u0644\u0649 \u062e\u0644\u0627\u0641 \u0630\u0644\u0643.<\/p><p data-start=\"4147\" data-end=\"4157\"><strong>\u062a\u0648\u0627\u0635\u0644 \u0645\u0639\u0646\u0627<\/strong><\/p><p data-start=\"4159\" data-end=\"4237\">\u0644\u0644\u0627\u0633\u062a\u0641\u0633\u0627\u0631\u0627\u062a \u0623\u0648 \u0627\u0644\u0634\u0643\u0627\u0648\u0649\u060c \u064a\u0645\u0643\u0646\u0643 \u0627\u0644\u062a\u0648\u0627\u0635\u0644 \u0645\u0639\u0646\u0627 \u0639\u0628\u0631:<\/p><p data-start=\"4239\" data-end=\"4279\">\u0627\u0644\u0628\u0631\u064a\u062f \u0627\u0644\u0625\u0644\u0643\u062a\u0631\u0648\u0646\u064a <a class=\"decorated-link cursor-pointer\" rel=\"noopener\" data-start=\"4259\" data-end=\"4277\">info@ciptnusuk.com<\/a><\/p><p data-start=\"4281\" data-end=\"4315\">\u0627\u0644\u0645\u0648\u0642\u0639 \u0627\u0644\u0625\u0644\u0643\u062a\u0631\u0648\u0646\u064a: <a class=\"decorated-link\" href=\"https:\/\/ciptnusuk.com\/ar\/\" target=\"_new\" rel=\"noopener\" data-start=\"4292\" data-end=\"4313\">https:\/\/ciptnusuk.com<\/a><\/p>\t\t\t\t\t\t\t\t<\/div>\n\t\t\t\t\t<\/div>\n\t\t\t\t<\/div>\n\t\t<div class=\"elementor-element elementor-element-dd9ce02 e-flex e-con-boxed e-con e-parent\" data-id=\"dd9ce02\" data-element_type=\"container\" data-e-type=\"container\">\n\t\t\t\t\t<div class=\"e-con-inner\">\n\t\t\t\t\t<\/div>\n\t\t\t\t<\/div>\n\t\t\t\t<\/div>","protected":false},"excerpt":{"rendered":"<p>T\u00e9rminos y condiciones \u00a0 Objeto del sitio web Este sitio web tiene como finalidad ofrecer informaci\u00f3n y servicios relacionados con la organizaci\u00f3n de viajes de Umrah, as\u00ed como otros viajes de car\u00e1cter religioso o cultural. Aceptaci\u00f3n de las condiciones El acceso y uso de este sitio web implica la plena y expresa aceptaci\u00f3n de estos [&hellip;]<\/p>\n","protected":false},"author":1,"featured_media":0,"parent":0,"menu_order":0,"comment_status":"closed","ping_status":"closed","template":"elementor_header_footer","meta":{"footnotes":""},"class_list":["post-1786","page","type-page","status-publish","hentry"],"_links":{"self":[{"href":"https:\/\/ciptnusuk.com\/ar\/wp-json\/wp\/v2\/pages\/1786","targetHints":{"allow":["GET"]}}],"collection":[{"href":"https:\/\/ciptnusuk.com\/ar\/wp-json\/wp\/v2\/pages"}],"about":[{"href":"https:\/\/ciptnusuk.com\/ar\/wp-json\/wp\/v2\/types\/page"}],"author":[{"embeddable":true,"href":"https:\/\/ciptnusuk.com\/ar\/wp-json\/wp\/v2\/users\/1"}],"replies":[{"embeddable":true,"href":"https:\/\/ciptnusuk.com\/ar\/wp-json\/wp\/v2\/comments?post=1786"}],"version-history":[{"count":15,"href":"https:\/\/ciptnusuk.com\/ar\/wp-json\/wp\/v2\/pages\/1786\/revisions"}],"predecessor-version":[{"id":4549,"href":"https:\/\/ciptnusuk.com\/ar\/wp-json\/wp\/v2\/pages\/1786\/revisions\/4549"}],"wp:attachment":[{"href":"https:\/\/ciptnusuk.com\/ar\/wp-json\/wp\/v2\/media?parent=1786"}],"curies":[{"name":"wp","href":"https:\/\/api.w.org\/{rel}","templated":true}]}}