{"id":1582,"date":"2025-10-24T23:33:38","date_gmt":"2025-10-24T23:33:38","guid":{"rendered":"https:\/\/ciptnusuk.com\/?page_id=1582"},"modified":"2025-11-11T19:51:39","modified_gmt":"2025-11-11T19:51:39","slug":"politica-de-cookies","status":"publish","type":"page","link":"https:\/\/ciptnusuk.com\/ar\/politica-de-cookies\/","title":{"rendered":"\u0633\u064a\u0627\u0633\u0629 \u0645\u0644\u0641\u0627\u062a \u0627\u0644\u0627\u0631\u062a\u0628\u0627\u0637 (\u0627\u0644\u0643\u0648\u0643\u064a\u0632)"},"content":{"rendered":"<div data-elementor-type=\"wp-page\" data-elementor-id=\"1582\" class=\"elementor elementor-1582\" data-elementor-post-type=\"page\">\n\t\t\t\t<div class=\"elementor-element elementor-element-b7e21fb e-flex e-con-boxed e-con e-parent\" data-id=\"b7e21fb\" data-element_type=\"container\" data-e-type=\"container\">\n\t\t\t\t\t<div class=\"e-con-inner\">\n\t\t\t\t<div class=\"elementor-element elementor-element-c0bce5f elementor-widget elementor-widget-heading\" data-id=\"c0bce5f\" data-element_type=\"widget\" data-e-type=\"widget\" data-widget_type=\"heading.default\">\n\t\t\t\t\t<h2 class=\"elementor-heading-title elementor-size-default\">\u0633\u064a\u0627\u0633\u0629 \u0645\u0644\u0641\u0627\u062a \u0627\u0644\u0627\u0631\u062a\u0628\u0627\u0637 (\u0627\u0644\u0643\u0648\u0643\u064a\u0632)<\/h2>\t\t\t\t<\/div>\n\t\t\t\t\t<\/div>\n\t\t\t\t<\/div>\n\t\t<div class=\"elementor-element elementor-element-815b81c e-flex e-con-boxed e-con e-parent\" data-id=\"815b81c\" data-element_type=\"container\" data-e-type=\"container\">\n\t\t\t\t\t<div class=\"e-con-inner\">\n\t\t\t\t<div class=\"elementor-element elementor-element-54abde99 elementor-widget elementor-widget-text-editor\" data-id=\"54abde99\" data-element_type=\"widget\" data-e-type=\"widget\" data-widget_type=\"text-editor.default\">\n\t\t\t\t\t\t\t\t\t<h3 data-start=\"335\" data-end=\"373\">&nbsp;<\/h3>\n<p data-start=\"375\" data-end=\"671\"><b>1. \u0645\u0627 \u0647\u064a \u0645\u0644\u0641\u0627\u062a \u062a\u0639\u0631\u064a\u0641 \u0627\u0644\u0627\u0631\u062a\u0628\u0627\u0637\u061f<\/b><\/p>\n<p data-start=\"375\" data-end=\"671\">\u0645\u0644\u0641\u0627\u062a \u062a\u0639\u0631\u064a\u0641 \u0627\u0644\u0627\u0631\u062a\u0628\u0627\u0637 \u0623\u0648 \u201c\u0627\u0644\u0643\u0648\u0643\u064a\u0632\u201d \u0647\u064a \u0645\u0644\u0641\u0627\u062a \u0646\u0635\u064a\u0629 \u0635\u063a\u064a\u0631\u0629 \u064a\u0636\u0639\u0647\u0627 \u0627\u0644\u0645\u0648\u0642\u0639 \u0627\u0644\u0625\u0644\u0643\u062a\u0631\u0648\u0646\u064a \u0641\u064a \u062c\u0647\u0627\u0632\u0643 (\u0627\u0644\u0643\u0645\u0628\u064a\u0648\u062a\u0631 \u0623\u0648 \u0627\u0644\u0647\u0627\u062a\u0641 \u0627\u0644\u0645\u062d\u0645\u0648\u0644 \u0623\u0648 \u0627\u0644\u062c\u0647\u0627\u0632 \u0627\u0644\u0644\u0648\u062d\u064a) \u0639\u0646\u062f \u0632\u064a\u0627\u0631\u0629 \u0627\u0644\u0645\u0648\u0642\u0639. \u062a\u064f\u0633\u062a\u062e\u062f\u0645 \u0647\u0630\u0647 \u0627\u0644\u0645\u0644\u0641\u0627\u062a \u0644\u062a\u0630\u0643\u0651\u0631 \u062a\u0641\u0636\u064a\u0644\u0627\u062a \u0627\u0644\u062a\u0635\u0641\u0651\u062d \u0644\u062f\u064a\u0643\u060c \u0648\u062a\u062d\u0633\u064a\u0646 \u062a\u062c\u0631\u0628\u0629 \u0627\u0633\u062a\u062e\u062f\u0627\u0645\u0643 \u0644\u0644\u0645\u0648\u0642\u0639\u060c \u0648\u0627\u0644\u062d\u0635\u0648\u0644 \u0639\u0644\u0649 \u0625\u062d\u0635\u0627\u0621\u0627\u062a \u062d\u0648\u0644 \u0637\u0631\u064a\u0642\u0629 \u0627\u0633\u062a\u062e\u062f\u0627\u0645 \u0627\u0644\u0632\u0648\u0651\u0627\u0631 \u0644\u0644\u0645\u0648\u0642\u0639.<\/p>\n<p data-start=\"673\" data-end=\"856\"><strong data-start=\"673\" data-end=\"725\">2. \u0623\u0646\u0648\u0627\u0639 \u0645\u0644\u0641\u0627\u062a \u062a\u0639\u0631\u064a\u0641 \u0627\u0644\u0627\u0631\u062a\u0628\u0627\u0637 \u0627\u0644\u0645\u0633\u062a\u062e\u062f\u0645\u0629 \u0641\u064a \u0647\u0630\u0627 \u0627\u0644\u0645\u0648\u0642\u0639<\/strong><br data-start=\"725\" data-end=\"728\">\u0641\u064a \u0645\u0648\u0642\u0639 ciptnusuk.com \u0646\u0633\u062a\u062e\u062f\u0645 \u0645\u0644\u0641\u0627\u062a \u062a\u0639\u0631\u064a\u0641 \u0627\u0644\u0627\u0631\u062a\u0628\u0627\u0637 \u0627\u0644\u062e\u0627\u0635\u0629 \u0628\u0627\u0644\u0645\u0648\u0642\u0639 \u0648\u0645\u0644\u0641\u0627\u062a \u062e\u0627\u0635\u0629 \u0628\u0623\u0637\u0631\u0627\u0641 \u062b\u0627\u0644\u062b\u0629 \u0644\u0623\u063a\u0631\u0627\u0636 \u0645\u062e\u062a\u0644\u0641\u0629\u060c \u0645\u0646 \u0623\u0647\u0645\u0647\u0627:<\/p>\n<ul data-start=\"858\" data-end=\"1458\">\n<li data-start=\"858\" data-end=\"1027\">\n<p data-start=\"860\" data-end=\"1027\"><strong data-start=\"860\" data-end=\"883\">\u0645\u0644\u0641\u0627\u062a \u062a\u0639\u0631\u064a\u0641 \u0627\u0644\u0627\u0631\u062a\u0628\u0627\u0637 \u0627\u0644\u0636\u0631\u0648\u0631\u064a\u0629:<\/strong> \u062a\u064f\u0645\u0643\u0651\u0650\u0646\u0643 \u0645\u0646 \u0627\u0633\u062a\u062e\u062f\u0627\u0645 \u0627\u0644\u0648\u0638\u0627\u0626\u0641 \u0627\u0644\u0623\u0633\u0627\u0633\u064a\u0629 \u0644\u0644\u0645\u0648\u0642\u0639\u060c \u0645\u062b\u0644 \u0627\u0644\u0627\u0646\u062a\u0642\u0627\u0644 \u0628\u064a\u0646 \u0627\u0644\u0635\u0641\u062d\u0627\u062a\u060c \u0648\u0627\u0644\u062f\u062e\u0648\u0644 \u0625\u0644\u0649 \u0627\u0644\u0645\u0646\u0627\u0637\u0642 \u0627\u0644\u0622\u0645\u0646\u0629\u060c \u0648\u062d\u0641\u0638 \u0628\u064a\u0627\u0646\u0627\u062a \u0627\u0644\u062c\u0644\u0633\u0629. \u0628\u062f\u0648\u0646 \u0647\u0630\u0647 \u0627\u0644\u0645\u0644\u0641\u0627\u062a \u0642\u062f \u0644\u0627 \u064a\u0639\u0645\u0644 \u0627\u0644\u0645\u0648\u0642\u0639 \u0628\u0627\u0644\u0634\u0643\u0644 \u0627\u0644\u0635\u062d\u064a\u062d.<\/p>\n<\/li>\n<li data-start=\"1028\" data-end=\"1208\">\n<p data-start=\"1030\" data-end=\"1208\"><strong data-start=\"1030\" data-end=\"1057\">\u0645\u0644\u0641\u0627\u062a \u062a\u0639\u0631\u064a\u0641 \u0627\u0644\u0627\u0631\u062a\u0628\u0627\u0637 \u0627\u0644\u062e\u0627\u0635\u0629 \u0628\u0627\u0644\u0623\u062f\u0627\u0621:<\/strong> \u062a\u062c\u0645\u0639 \u0645\u0639\u0644\u0648\u0645\u0627\u062a \u062d\u0648\u0644 \u0643\u064a\u0641\u064a\u0629 \u0627\u0633\u062a\u062e\u062f\u0627\u0645\u0643 \u0644\u0644\u0645\u0648\u0642\u0639\u060c \u0645\u062b\u0644 \u0627\u0644\u0635\u0641\u062d\u0627\u062a \u0627\u0644\u062a\u064a \u062a\u0632\u0648\u0631\u0647\u0627 \u0648\u0627\u0644\u0623\u062e\u0637\u0627\u0621 \u0627\u0644\u062a\u064a \u0642\u062f \u062a\u0638\u0647\u0631\u060c \u0648\u0630\u0644\u0643 \u0644\u0645\u0633\u0627\u0639\u062f\u062a\u0646\u0627 \u0641\u064a \u062a\u062d\u0633\u064a\u0646 \u0623\u062f\u0627\u0621 \u0627\u0644\u0645\u0648\u0642\u0639 \u0648\u062c\u0648\u062f\u0629 \u062e\u062f\u0645\u0627\u062a\u0647.<\/p>\n<\/li>\n<li data-start=\"1209\" data-end=\"1356\">\n<p data-start=\"1211\" data-end=\"1356\"><strong data-start=\"1211\" data-end=\"1240\">\u0645\u0644\u0641\u0627\u062a \u062a\u0639\u0631\u064a\u0641 \u0627\u0644\u0627\u0631\u062a\u0628\u0627\u0637 \u0627\u0644\u0648\u0638\u064a\u0641\u064a\u0629:<\/strong> \u062a\u062a\u064a\u062d \u0644\u0644\u0645\u0648\u0642\u0639 \u062a\u0630\u0643\u0651\u0631 \u0627\u062e\u062a\u064a\u0627\u0631\u0627\u062a\u0643 \u0648\u062a\u0641\u0636\u064a\u0644\u0627\u062a\u0643 (\u0645\u062b\u0644 \u0627\u0644\u0644\u063a\u0629 \u0623\u0648 \u0627\u0644\u0645\u0646\u0637\u0642\u0629 \u0627\u0644\u062c\u063a\u0631\u0627\u0641\u064a\u0629) \u0644\u062a\u0642\u062f\u064a\u0645 \u062a\u062c\u0631\u0628\u0629 \u0623\u0643\u062b\u0631 \u062a\u062e\u0635\u064a\u0635\u064b\u0627 \u0648\u0645\u0644\u0627\u0621\u0645\u0629 \u0644\u0643.<\/p>\n<\/li>\n<li data-start=\"1357\" data-end=\"1458\">\n<p data-start=\"1359\" data-end=\"1458\"><strong data-start=\"1359\" data-end=\"1385\">\u0645\u0644\u0641\u0627\u062a \u062a\u0639\u0631\u064a\u0641 \u0627\u0644\u0627\u0631\u062a\u0628\u0627\u0637 \u0627\u0644\u062e\u0627\u0635\u0629 \u0628\u0627\u0644\u0625\u0639\u0644\u0627\u0646\u0627\u062a:<\/strong> \u062a\u064f\u0633\u062a\u062e\u062f\u0645 \u0644\u0639\u0631\u0636 \u0625\u0639\u0644\u0627\u0646\u0627\u062a \u0623\u0643\u062b\u0631 \u0645\u0644\u0627\u0621\u0645\u0629 \u0644\u0627\u0647\u062a\u0645\u0627\u0645\u0627\u062a\u0643\u060c \u0648\u0642\u062f \u062a\u064f\u0633\u062a\u062e\u062f\u064e\u0645 \u0623\u064a\u0636\u064b\u0627 \u0644\u0644\u062d\u062f \u0645\u0646 \u0639\u062f\u062f \u0645\u0631\u0627\u062a \u0638\u0647\u0648\u0631 \u0627\u0644\u0625\u0639\u0644\u0627\u0646 \u0648\u0642\u064a\u0627\u0633 \u0641\u0639\u0627\u0644\u064a\u0629 \u0627\u0644\u062d\u0645\u0644\u0627\u062a \u0627\u0644\u0625\u0639\u0644\u0627\u0646\u064a\u0629.<\/p>\n<\/li>\n<\/ul>\n<p data-start=\"1460\" data-end=\"1634\"><strong data-start=\"1460\" data-end=\"1491\">3. \u0627\u0644\u063a\u0631\u0636 \u0645\u0646 \u0627\u0633\u062a\u062e\u062f\u0627\u0645 \u0645\u0644\u0641\u0627\u062a \u062a\u0639\u0631\u064a\u0641 \u0627\u0644\u0627\u0631\u062a\u0628\u0627\u0637<\/strong><br data-start=\"1491\" data-end=\"1494\">\u062a\u0633\u0627\u0639\u062f\u0646\u0627 \u0645\u0644\u0641\u0627\u062a \u062a\u0639\u0631\u064a\u0641 \u0627\u0644\u0627\u0631\u062a\u0628\u0627\u0637 \u0639\u0644\u0649:  \u062a\u062d\u0633\u064a\u0646 \u0639\u0645\u0644 \u0627\u0644\u0645\u0648\u0642\u0639 \u0648\u0623\u062f\u0627\u0626\u0647 \u0627\u0644\u0639\u0627\u0645.  \u062a\u0633\u0647\u064a\u0644 \u0639\u0645\u0644\u064a\u0629 \u0627\u0644\u062a\u0635\u0641\u0651\u062d \u0648\u0627\u0633\u062a\u062e\u062f\u0627\u0645 \u0627\u0644\u062e\u062f\u0645\u0627\u062a \u0627\u0644\u0645\u062a\u0627\u062d\u0629.  \u062a\u0642\u062f\u064a\u0645 \u0645\u062d\u062a\u0648\u0649 \u0648\u0645\u0639\u0644\u0648\u0645\u0627\u062a \u0623\u0642\u0631\u0628 \u0625\u0644\u0649 \u0627\u0647\u062a\u0645\u0627\u0645\u0627\u062a\u0643 \u0648\u062a\u0641\u0636\u064a\u0644\u0627\u062a\u0643.<\/p>\n<p data-start=\"1636\" data-end=\"1928\"><strong data-start=\"1636\" data-end=\"1681\">4. \u062a\u0639\u0637\u064a\u0644 \u0623\u0648 \u062d\u0630\u0641 \u0645\u0644\u0641\u0627\u062a \u062a\u0639\u0631\u064a\u0641 \u0627\u0644\u0627\u0631\u062a\u0628\u0627\u0637<\/strong><br data-start=\"1681\" data-end=\"1684\">\u064a\u0645\u0643\u0646\u0643 \u0627\u0644\u0633\u0645\u0627\u062d \u0628\u0627\u0633\u062a\u062e\u062f\u0627\u0645 \u0645\u0644\u0641\u0627\u062a \u062a\u0639\u0631\u064a\u0641 \u0627\u0644\u0627\u0631\u062a\u0628\u0627\u0637 \u0623\u0648 \u062d\u0638\u0631\u0647\u0627 \u0623\u0648 \u062d\u0630\u0641\u0647\u0627 \u0645\u0646 \u062e\u0644\u0627\u0644 \u0625\u0639\u062f\u0627\u062f\u0627\u062a \u0627\u0644\u0645\u062a\u0635\u0641\u062d \u0627\u0644\u0630\u064a \u062a\u0633\u062a\u062e\u062f\u0645\u0647. \u064a\u0631\u062c\u0649 \u0645\u0644\u0627\u062d\u0638\u0629 \u0623\u0646 \u062a\u0639\u0637\u064a\u0644 \u0628\u0639\u0636 \u0623\u0646\u0648\u0627\u0639 \u0645\u0644\u0641\u0627\u062a \u062a\u0639\u0631\u064a\u0641 \u0627\u0644\u0627\u0631\u062a\u0628\u0627\u0637 \u0642\u062f \u064a\u0624\u062b\u0631 \u0641\u064a \u0639\u0645\u0644 \u0627\u0644\u0645\u0648\u0642\u0639 \u0648\u0642\u062f \u0644\u0627 \u062a\u062a\u0645\u0643\u0651\u0646 \u0645\u0646 \u0627\u0644\u0627\u0633\u062a\u0641\u0627\u062f\u0629 \u0645\u0646 \u0628\u0639\u0636 \u0627\u0644\u0648\u0638\u0627\u0626\u0641 \u0623\u0648 \u0627\u0644\u062e\u062f\u0645\u0627\u062a \u0628\u0634\u0643\u0644 \u0643\u0627\u0645\u0644.<\/p>\n<p data-start=\"1930\" data-end=\"2213\"><strong data-start=\"1930\" data-end=\"1976\">5. \u062a\u062d\u062f\u064a\u062b \u0633\u064a\u0627\u0633\u0629 \u0645\u0644\u0641\u0627\u062a \u062a\u0639\u0631\u064a\u0641 \u0627\u0644\u0627\u0631\u062a\u0628\u0627\u0637<\/strong><br data-start=\"1976\" data-end=\"1979\">\u0642\u062f \u0646\u0642\u0648\u0645 \u0628\u062a\u062d\u062f\u064a\u062b \u0647\u0630\u0647 \u0627\u0644\u0633\u064a\u0627\u0633\u0629 \u0645\u0646 \u0648\u0642\u062a \u0644\u0622\u062e\u0631 \u0644\u062a\u062a\u0648\u0627\u0641\u0642 \u0645\u0639 \u0627\u0644\u062a\u063a\u064a\u064a\u0631\u0627\u062a \u0627\u0644\u062a\u064a \u062a\u0637\u0631\u0623 \u0639\u0644\u0649 \u0627\u0644\u0645\u0644\u0641\u0627\u062a \u0627\u0644\u0645\u0633\u062a\u062e\u062f\u0645\u0629 \u0641\u064a \u0627\u0644\u0645\u0648\u0642\u0639 \u0623\u0648 \u0645\u0639 \u0623\u064a \u0645\u062a\u0637\u0644\u0628\u0627\u062a \u0642\u0627\u0646\u0648\u0646\u064a\u0629 \u062c\u062f\u064a\u062f\u0629. \u0646\u0646\u0635\u062d\u0643 \u0628\u0645\u0631\u0627\u062c\u0639\u0629 \u0647\u0630\u0647 \u0627\u0644\u0635\u0641\u062d\u0629 \u0628\u0634\u0643\u0644 \u062f\u0648\u0631\u064a \u0644\u0644\u0627\u0637\u0644\u0627\u0639 \u0639\u0644\u0649 \u0622\u062e\u0631 \u0646\u0633\u062e\u0629 \u0645\u0646 \u0633\u064a\u0627\u0633\u0629 \u0645\u0644\u0641\u0627\u062a \u062a\u0639\u0631\u064a\u0641 \u0627\u0644\u0627\u0631\u062a\u0628\u0627\u0637 \u0648\u0645\u0639\u0631\u0641\u0629 \u0643\u064a\u0641 \u0648\u0644\u0645\u0627\u0630\u0627 \u0646\u0633\u062a\u062e\u062f\u0645 \u0627\u0644\u0643\u0648\u0643\u064a\u0632.<\/p>\t\t\t\t\t\t\t\t<\/div>\n\t\t\t\t\t<\/div>\n\t\t\t\t<\/div>\n\t\t\t\t<\/div>","protected":false},"excerpt":{"rendered":"<p>Pol\u00edtic de Cookies &nbsp; 1. \u00bfQue son los cookies? Las cookies son peque\u00f1os archivos de texto que los sitios web instalan en tu dispositivo (ordenador, m\u00f3vil o tablet) cuando los visitas. Sirven para recordar tus preferencias de navegaci\u00f3n, mejorar la experiencia del usuario y obtener estad\u00edsticas de uso del sitio. 2. Tipos de cookies utilizadas [&hellip;]<\/p>\n","protected":false},"author":1,"featured_media":0,"parent":0,"menu_order":0,"comment_status":"closed","ping_status":"closed","template":"elementor_header_footer","meta":{"footnotes":""},"class_list":["post-1582","page","type-page","status-publish","hentry"],"_links":{"self":[{"href":"https:\/\/ciptnusuk.com\/ar\/wp-json\/wp\/v2\/pages\/1582","targetHints":{"allow":["GET"]}}],"collection":[{"href":"https:\/\/ciptnusuk.com\/ar\/wp-json\/wp\/v2\/pages"}],"about":[{"href":"https:\/\/ciptnusuk.com\/ar\/wp-json\/wp\/v2\/types\/page"}],"author":[{"embeddable":true,"href":"https:\/\/ciptnusuk.com\/ar\/wp-json\/wp\/v2\/users\/1"}],"replies":[{"embeddable":true,"href":"https:\/\/ciptnusuk.com\/ar\/wp-json\/wp\/v2\/comments?post=1582"}],"version-history":[{"count":14,"href":"https:\/\/ciptnusuk.com\/ar\/wp-json\/wp\/v2\/pages\/1582\/revisions"}],"predecessor-version":[{"id":3322,"href":"https:\/\/ciptnusuk.com\/ar\/wp-json\/wp\/v2\/pages\/1582\/revisions\/3322"}],"wp:attachment":[{"href":"https:\/\/ciptnusuk.com\/ar\/wp-json\/wp\/v2\/media?parent=1582"}],"curies":[{"name":"wp","href":"https:\/\/api.w.org\/{rel}","templated":true}]}}