{"id":1551,"date":"2025-10-24T01:22:19","date_gmt":"2025-10-24T01:22:19","guid":{"rendered":"https:\/\/ciptnusuk.com\/?page_id=1551"},"modified":"2026-01-09T08:43:13","modified_gmt":"2026-01-09T08:43:13","slug":"aviso-legal","status":"publish","type":"page","link":"https:\/\/ciptnusuk.com\/ar\/aviso-legal\/","title":{"rendered":"\u0627\u0644\u0625\u0634\u0639\u0627\u0631 \u0627\u0644\u0642\u0627\u0646\u0648\u0646\u064a"},"content":{"rendered":"<div data-elementor-type=\"wp-page\" data-elementor-id=\"1551\" class=\"elementor elementor-1551\" data-elementor-post-type=\"page\">\n\t\t\t\t<div class=\"elementor-element elementor-element-ea0b2f5 e-flex e-con-boxed e-con e-parent\" data-id=\"ea0b2f5\" data-element_type=\"container\" data-e-type=\"container\">\n\t\t\t\t\t<div class=\"e-con-inner\">\n\t\t\t\t<div class=\"elementor-element elementor-element-4d1a809 elementor-widget elementor-widget-heading\" data-id=\"4d1a809\" data-element_type=\"widget\" data-e-type=\"widget\" data-widget_type=\"heading.default\">\n\t\t\t\t\t<h2 class=\"elementor-heading-title elementor-size-default\">\u0627\u0644\u0625\u0634\u0639\u0627\u0631 \u0627\u0644\u0642\u0627\u0646\u0648\u0646\u064a<\/h2>\t\t\t\t<\/div>\n\t\t\t\t\t<\/div>\n\t\t\t\t<\/div>\n\t\t<div class=\"elementor-element elementor-element-6f74ac0f e-flex e-con-boxed e-con e-parent\" data-id=\"6f74ac0f\" data-element_type=\"container\" data-e-type=\"container\">\n\t\t\t\t\t<div class=\"e-con-inner\">\n\t\t\t\t<div class=\"elementor-element elementor-element-1b447b7a elementor-widget elementor-widget-text-editor\" data-id=\"1b447b7a\" data-element_type=\"widget\" data-e-type=\"widget\" data-widget_type=\"text-editor.default\">\n\t\t\t\t\t\t\t\t\t<p><\/p>\n<p>1.\u0627\u0644\u0645\u0633\u0624\u0648\u0644 \u0639\u0646 \u0627\u0644\u0645\u0648\u0642\u0639<\/p>\n<p>\u0627\u0645\u062a\u062b\u0627\u0644\u064b\u0627 \u0644\u0623\u062d\u0643\u0627\u0645 \u0627\u0644\u0642\u0627\u0646\u0648\u0646 \u0627\u0644\u0625\u0633\u0628\u0627\u0646\u064a 34\/2002 \u0627\u0644\u0645\u062a\u0639\u0644\u0642 \u0628\u062e\u062f\u0645\u0627\u062a \u0645\u062c\u062a\u0645\u0639 \u0627\u0644\u0645\u0639\u0644\u0648\u0645\u0627\u062a \u0648\u0627\u0644\u062a\u062c\u0627\u0631\u0629 \u0627\u0644\u0625\u0644\u0643\u062a\u0631\u0648\u0646\u064a\u0629 (LSSI-CE)\u060c \u064a\u064f\u0642\u062f\u0651\u064e\u0645 \u0641\u064a\u0645\u0627 \u064a\u0644\u064a \u0628\u064a\u0627\u0646 \u0628\u0628\u064a\u0627\u0646\u0627\u062a \u0627\u0644\u0645\u0633\u0624\u0648\u0644 \u0639\u0646 \u0647\u0630\u0627 \u0627\u0644\u0645\u0648\u0642\u0639 \u0627\u0644\u0625\u0644\u0643\u062a\u0631\u0648\u0646\u064a:<\/p>\n<p>Titular: CIPTNUSUK SL.<\/p>\n<p>NIF: I26001525<\/p>\n<p>\u0627\u0644\u0628\u0631\u064a\u062f \u0627\u0644\u0625\u0644\u0643\u062a\u0631\u0648\u0646\u064a: info@ciptnusuk.com<\/p>\n<p>\u0627\u0644\u0645\u0648\u0642\u0639 \u0627\u0644\u0625\u0644\u0643\u062a\u0631\u0648\u0646\u064a: https:\/\/ciptnusuk.com<\/p>\n<p>2: \u0637\u0628\u064a\u0639\u0629 \u0627\u0644\u0645\u0648\u0642\u0639 \u0648\u062e\u062f\u0645\u0627\u062a\u0647<\/p>\n<p>El presente Aviso Legal regula el uso del sitio web ciptnusuk.com, titularidad de CIPTNUSUK SL, cuyo prop\u00f3sito es ofrecer informaci\u00f3n y servicios relacionados con la organizaci\u00f3n de viajes Umrah y Hajj, asesoramiento y reservas personalizadas.<\/p>\n<p>\u0648\u0628\u0627\u0633\u062a\u062e\u062f\u0627\u0645\u0643 \u0644\u0644\u0645\u0648\u0642\u0639 \u0623\u0648 \u0644\u0623\u064a \u0645\u0646 \u062e\u062f\u0645\u0627\u062a\u0647\u060c \u0641\u0625\u0646\u0643 \u062a\u064f\u0642\u0631\u0651 \u0628\u0623\u0646\u0643 \u0642\u0631\u0623\u062a \u0647\u0630\u0627 \u0627\u0644\u0625\u0634\u0639\u0627\u0631 \u0627\u0644\u0642\u0627\u0646\u0648\u0646\u064a \u0648\u0641\u0647\u0645\u062a\u0647 \u0648\u0648\u0627\u0641\u0642\u062a \u0639\u0644\u0649 \u0645\u0627 \u0648\u0631\u062f \u0641\u064a\u0647.<\/p>\n<p>3: \u0627\u0633\u062a\u062e\u062f\u0627\u0645 \u0627\u0644\u0645\u0648\u0642\u0639<\/p>\n<p>\u064a\u064f\u0633\u0645\u062d \u0644\u0643 \u0628\u062a\u0635\u0641\u0651\u062d \u0627\u0644\u0645\u0648\u0642\u0639 \u0648\u0627\u0633\u062a\u062e\u062f\u0627\u0645 \u062e\u062f\u0645\u0627\u062a\u0647 \u0644\u0644\u0623\u063a\u0631\u0627\u0636 \u0627\u0644\u0634\u062e\u0635\u064a\u0629 \u0641\u0642\u0637.<br>\u062a\u0644\u062a\u0632\u0645 \u0628\u0639\u062f\u0645 \u0627\u0633\u062a\u062e\u062f\u0627\u0645 \u0627\u0644\u0645\u0648\u0642\u0639 \u0641\u064a \u0623\u064a \u0646\u0634\u0627\u0637 \u0645\u062e\u0627\u0644\u0641 \u0644\u0644\u0642\u0627\u0646\u0648\u0646 \u0623\u0648 \u0645\u0633\u064a\u0621 \u0623\u0648 \u062e\u0627\u062f\u0639.<\/p>\n<p>\u0645\u0645\u0646\u0648\u0639:<\/p>\n<p>\u0627\u0633\u062a\u062e\u062f\u0627\u0645 \u0627\u0644\u0645\u0648\u0642\u0639 \u0641\u064a \u0623\u064a \u0646\u0634\u0627\u0637 \u0645\u062e\u0627\u0644\u0641 \u0644\u0644\u0642\u0627\u0646\u0648\u0646 \u0623\u0648 \u0645\u0633\u064a\u0621 \u0623\u0648 \u062e\u0627\u062f\u0639.<\/p>\n<p>\u0645\u062d\u0627\u0648\u0644\u0629 \u0625\u062a\u0644\u0627\u0641 \u0627\u0644\u0645\u0648\u0642\u0639 \u0623\u0648 \u0639\u0631\u0642\u0644\u0629 \u0639\u0645\u0644\u0647 \u0623\u0648 \u0627\u0644\u0648\u0635\u0648\u0644 \u063a\u064a\u0631 \u0627\u0644\u0645\u0635\u0631\u0651\u064e\u062d \u0628\u0647 \u0625\u0644\u0649 \u062e\u0648\u0627\u062f\u0645\u0647 \u0623\u0648 \u0628\u064a\u0627\u0646\u0627\u062a\u0647.<\/p>\n<p>U\u0639\u0631\u0636 \u0623\u0648 \u0646\u0633\u062e \u0627\u0644\u0645\u062d\u062a\u0648\u0649 \u062f\u0648\u0646 \u0627\u0644\u062d\u0635\u0648\u0644 \u0639\u0644\u0649 \u0625\u0630\u0646 \u0635\u0631\u064a\u062d \u0645\u0646 \u0627\u0644\u0645\u0627\u0644\u0643.<\/p>\n<p>\u064a\u062d\u062a\u0641\u0638 \u0645\u0648\u0642\u0639 CIPTNUSUK \u0628\u062d\u0642\u0647 \u0641\u064a \u0625\u064a\u0642\u0627\u0641 \u0623\u0648 \u062a\u0642\u064a\u064a\u062f \u0627\u0633\u062a\u062e\u062f\u0627\u0645\u0643 \u0644\u0644\u0645\u0648\u0642\u0639 \u0625\u0630\u0627 \u062e\u0627\u0644\u0641\u062a \u0647\u0630\u0647 \u0627\u0644\u0634\u0631\u0648\u0637.<\/p>\n<p>4: \u062d\u0642\u0648\u0642 \u0627\u0644\u0645\u0644\u0643\u064a\u0629 \u0627\u0644\u0641\u0643\u0631\u064a\u0629<\/p>\n<p>Todos los contenidos de este sitio (textos, im\u00e1genes, logotipos, iconos, v\u00eddeos, software, dise\u00f1o gr\u00e1fico, c\u00f3digo fuente, etc.) son propiedad de CIPTNUSUK SL. o de sus respectivos titulares, y est\u00e1n protegidos por las leyes espa\u00f1olas e internacionales sobre propiedad intelectual e industrial.<\/p>\n<p>\u0644\u0627 \u064a\u064f\u0633\u0645\u062d \u0628\u0646\u0633\u062e \u0623\u064a \u062c\u0632\u0621 \u0645\u0646 \u0645\u062d\u062a\u0648\u0649 \u0627\u0644\u0645\u0648\u0642\u0639 \u0623\u0648 \u062a\u0639\u062f\u064a\u0644\u0647 \u0623\u0648 \u0625\u0639\u0627\u062f\u0629 \u0646\u0634\u0631\u0647 \u0644\u0623\u064a \u063a\u0631\u0636 \u062a\u062c\u0627\u0631\u064a \u062f\u0648\u0646 \u0627\u0644\u062d\u0635\u0648\u0644 \u0639\u0644\u0649 \u0645\u0648\u0627\u0641\u0642\u0629 \u062e\u0637\u064a\u0629 \u0645\u0633\u0628\u0642\u0629.<\/p>\n<p>5: \u062d\u062f\u0648\u062f \u0627\u0644\u0645\u0633\u0624\u0648\u0644\u064a\u0629<\/p>\n<p>\u0646\u0633\u0639\u0649 \u0625\u0644\u0649 \u062a\u0642\u062f\u064a\u0645 \u0645\u0639\u0644\u0648\u0645\u0627\u062a \u062f\u0642\u064a\u0642\u0629 \u0648\u0645\u062d\u062f\u0651\u064e\u062b\u0629\u060c \u0625\u0644\u0627 \u0623\u0646\u0646\u0627 \u0644\u0627 \u0646\u0636\u0645\u0646 \u062e\u0644\u0648\u0651 \u0627\u0644\u0645\u0648\u0642\u0639 \u0645\u0646 \u0627\u0644\u0623\u062e\u0637\u0627\u0621 \u0623\u0648 \u0627\u0646\u0642\u0637\u0627\u0639 \u0627\u0644\u062e\u062f\u0645\u0629 \u0641\u064a \u0623\u064a \u0648\u0642\u062a.<br>\u0644\u0627 \u062a\u062a\u062d\u0645\u0651\u0644 CIPTNUSUK \u0623\u064a \u0645\u0633\u0624\u0648\u0644\u064a\u0629 \u0639\u0646 \u0623\u064a\u0629 \u0623\u0636\u0631\u0627\u0631 \u0645\u0628\u0627\u0634\u0631\u0629 \u0623\u0648 \u063a\u064a\u0631 \u0645\u0628\u0627\u0634\u0631\u0629 \u0642\u062f \u062a\u0646\u0634\u0623 \u0639\u0646 \u0627\u0633\u062a\u062e\u062f\u0627\u0645\u0643 \u0644\u0644\u0645\u0648\u0642\u0639 \u0623\u0648 \u0627\u0639\u062a\u0645\u0627\u062f\u0643 \u0639\u0644\u0649 \u0623\u064a \u0645\u0646 \u0627\u0644\u0645\u0639\u0644\u0648\u0645\u0627\u062a \u0627\u0644\u0648\u0627\u0631\u062f\u0629 \u0641\u064a\u0647.<\/p>\n<p>\u0627\u0633\u062a\u062e\u062f\u0627\u0645\u0643 \u0644\u0644\u0645\u0648\u0642\u0639 \u064a\u0643\u0648\u0646 \u0639\u0644\u0649 \u0645\u0633\u0624\u0648\u0644\u064a\u062a\u0643 \u0627\u0644\u0634\u062e\u0635\u064a\u0629.<\/p>\n<p>6: \u0627\u0644\u0631\u0648\u0627\u0628\u0637 \u0627\u0644\u062e\u0627\u0631\u062c\u064a\u0629<\/p>\n<p>\u0642\u062f \u064a\u062a\u0636\u0645\u0651\u0646 \u0627\u0644\u0645\u0648\u0642\u0639 \u0631\u0648\u0627\u0628\u0637 \u0644\u0645\u0648\u0627\u0642\u0639 \u0623\u062e\u0631\u0649 \u0644\u0627 \u0646\u0645\u0644\u0643\u0647\u0627 \u0648\u0644\u0627 \u0646\u062a\u062d\u0643\u0651\u0645 \u0641\u064a \u0645\u062d\u062a\u0648\u0627\u0647\u0627.<br>\u0644\u0627 \u0646\u062a\u062d\u0645\u0651\u0644 \u0645\u0633\u0624\u0648\u0644\u064a\u0629 \u0645\u062d\u062a\u0648\u0649 \u062a\u0644\u0643 \u0627\u0644\u0645\u0648\u0627\u0642\u0639 \u0623\u0648 \u0633\u064a\u0627\u0633\u0627\u062a\u0647\u0627\u060c \u0648\u062f\u062e\u0648\u0644\u0643 \u0625\u0644\u064a\u0647\u0627 \u064a\u0643\u0648\u0646 \u0639\u0644\u0649 \u0645\u0633\u0624\u0648\u0644\u064a\u062a\u0643 \u0627\u0644\u062e\u0627\u0635\u0629.<\/p>\n<p>7: \u062d\u0645\u0627\u064a\u0629 \u0627\u0644\u0628\u064a\u0627\u0646\u0627\u062a \u0648\u0627\u0644\u062e\u0635\u0648\u0635\u064a\u0629<\/p>\n<p>\u0639\u0646\u062f \u062a\u0642\u062f\u064a\u0645\u0643 \u0644\u0623\u064a \u0628\u064a\u0627\u0646\u0627\u062a \u0634\u062e\u0635\u064a\u0629 \u0639\u0628\u0631 \u0627\u0644\u0645\u0648\u0642\u0639\u060c \u0633\u064a\u062a\u0645 \u0627\u0644\u062a\u0639\u0627\u0645\u0644 \u0645\u0639\u0647\u0627 \u0648\u0641\u0642 \u0633\u064a\u0627\u0633\u0629 \u0627\u0644\u062e\u0635\u0648\u0635\u064a\u0629 \u0627\u0644\u0645\u0646\u0634\u0648\u0631\u0629 \u0644\u062f\u064a\u0646\u0627\u060c \u0648\u0628\u0645\u0627 \u064a\u062a\u0645\u0627\u0634\u0649 \u0645\u0639 \u0627\u0644\u0642\u0648\u0627\u0646\u064a\u0646 \u0627\u0644\u0625\u0633\u0628\u0627\u0646\u064a\u0629 \u0648\u0627\u0644\u0623\u0648\u0631\u0648\u0628\u064a\u0629 \u0627\u0644\u0645\u062a\u0639\u0644\u0642\u0629 \u0628\u062d\u0645\u0627\u064a\u0629 \u0627\u0644\u0628\u064a\u0627\u0646\u0627\u062a. \u064a\u064f\u0631\u062c\u0649 \u0627\u0644\u0627\u0637\u0644\u0627\u0639 \u0639\u0644\u0649 \u0635\u0641\u062d\u0629 \u0633\u064a\u0627\u0633\u0629 \u0627\u0644\u062e\u0635\u0648\u0635\u064a\u0629 \u0644\u0645\u0632\u064a\u062f \u0645\u0646 \u0627\u0644\u062a\u0641\u0627\u0635\u064a\u0644.<\/p>\n<p>8: \u0645\u0644\u0641\u0627\u062a \u062a\u0639\u0631\u064a\u0641 \u0627\u0644\u0627\u0631\u062a\u0628\u0627\u0637 (\u0627\u0644\u0643\u0648\u0643\u064a\u0632)<\/p>\n<p>\u0646\u0633\u062a\u062e\u062f\u0645 \u0645\u0644\u0641\u0627\u062a \u062a\u0639\u0631\u064a\u0641 \u0627\u0644\u0627\u0631\u062a\u0628\u0627\u0637 \u0644\u062a\u062d\u0633\u064a\u0646 \u062a\u062c\u0631\u0628\u0629 \u0627\u0644\u062a\u0635\u0641\u0651\u062d \u0648\u0642\u064a\u0627\u0633 \u0623\u062f\u0627\u0621 \u0627\u0644\u0645\u0648\u0642\u0639.<br>\u064a\u0645\u0643\u0646\u0643 \u0625\u062f\u0627\u0631\u0629 \u0625\u0639\u062f\u0627\u062f\u0627\u062a \u0627\u0644\u0643\u0648\u0643\u064a\u0632 \u0645\u0646 \u062e\u0644\u0627\u0644 \u0645\u062a\u0635\u0641\u062d\u0643\u060c \u0648\u0642\u062f \u064a\u0624\u062b\u0631 \u062a\u0639\u0637\u064a\u0644\u0647\u0627 \u0641\u064a \u0628\u0639\u0636 \u0648\u0638\u0627\u0626\u0641 \u0627\u0644\u0645\u0648\u0642\u0639. \u0644\u0644\u0645\u0632\u064a\u062f\u060c \u0631\u0627\u062c\u0639 \u0635\u0641\u062d\u0629 \u0633\u064a\u0627\u0633\u0629 \u0627\u0644\u0643\u0648\u0643\u064a\u0632.<\/p>\n<p>9: \u0627\u0644\u0642\u0627\u0646\u0648\u0646 \u0627\u0644\u0648\u0627\u062c\u0628 \u0627\u0644\u062a\u0637\u0628\u064a\u0642<\/p>\n<p>\u062a\u062e\u0636\u0639 \u0647\u0630\u0647 \u0627\u0644\u0634\u0631\u0648\u0637 \u0644\u0644\u0642\u0627\u0646\u0648\u0646 \u0627\u0644\u0625\u0633\u0628\u0627\u0646\u064a\u060c<br>\u0648\u0623\u064a \u0646\u0632\u0627\u0639 \u064a\u0646\u0634\u0623 \u0628\u062e\u0635\u0648\u0635 \u0627\u0633\u062a\u062e\u062f\u0627\u0645 \u0647\u0630\u0627 \u0627\u0644\u0645\u0648\u0642\u0639 \u064a\u064f\u062d\u0627\u0644 \u0625\u0644\u0649 \u0627\u0644\u0645\u062d\u0627\u0643\u0645 \u0627\u0644\u0645\u062e\u062a\u0635\u0629 \u0641\u064a \u0627\u0644\u0645\u0643\u0627\u0646 \u0627\u0644\u0630\u064a \u064a\u0642\u0639 \u0641\u064a\u0647 \u0645\u0642\u0631 \u0634\u0631\u0643\u0629 CIPTNUSUK\u060c \u0645\u0627 \u0644\u0645 \u064a\u0641\u0631\u0636 \u0627\u0644\u0642\u0627\u0646\u0648\u0646 \u0627\u062e\u062a\u0635\u0627\u0635\u064b\u0627 \u0622\u062e\u0631.<\/p>\t\t\t\t\t\t\t\t<\/div>\n\t\t\t\t\t<\/div>\n\t\t\t\t<\/div>\n\t\t\t\t<\/div>","protected":false},"excerpt":{"rendered":"<p>Aviso legal 1. Identificaci\u00f3n del responsable En cumplimiento de lo dispuesto en la Ley 34\/2002, de Servicios de la Sociedad de la Informaci\u00f3n y Comercio Electr\u00f3nico (LSSI-CE), se informa de los datos del responsable del sitio web: Titular: CIPTNUSUK SL. NIF: I26001525 Correo electr\u00f3nico: info@ciptnusuk.com Dominio web: https:\/\/ciptnusuk.com 2. Objeto del sitio web El presente [&hellip;]<\/p>\n","protected":false},"author":1,"featured_media":0,"parent":0,"menu_order":0,"comment_status":"closed","ping_status":"closed","template":"elementor_header_footer","meta":{"footnotes":""},"class_list":["post-1551","page","type-page","status-publish","hentry"],"_links":{"self":[{"href":"https:\/\/ciptnusuk.com\/ar\/wp-json\/wp\/v2\/pages\/1551","targetHints":{"allow":["GET"]}}],"collection":[{"href":"https:\/\/ciptnusuk.com\/ar\/wp-json\/wp\/v2\/pages"}],"about":[{"href":"https:\/\/ciptnusuk.com\/ar\/wp-json\/wp\/v2\/types\/page"}],"author":[{"embeddable":true,"href":"https:\/\/ciptnusuk.com\/ar\/wp-json\/wp\/v2\/users\/1"}],"replies":[{"embeddable":true,"href":"https:\/\/ciptnusuk.com\/ar\/wp-json\/wp\/v2\/comments?post=1551"}],"version-history":[{"count":34,"href":"https:\/\/ciptnusuk.com\/ar\/wp-json\/wp\/v2\/pages\/1551\/revisions"}],"predecessor-version":[{"id":4531,"href":"https:\/\/ciptnusuk.com\/ar\/wp-json\/wp\/v2\/pages\/1551\/revisions\/4531"}],"wp:attachment":[{"href":"https:\/\/ciptnusuk.com\/ar\/wp-json\/wp\/v2\/media?parent=1551"}],"curies":[{"name":"wp","href":"https:\/\/api.w.org\/{rel}","templated":true}]}}